{"id":111,"date":"2025-10-31T05:08:29","date_gmt":"2025-10-31T05:08:29","guid":{"rendered":"https:\/\/shiningriversidehoian.ms2.decms.asia\/dining\/shine-restaurant-bar\/"},"modified":"2026-01-07T13:33:58","modified_gmt":"2026-01-07T13:33:58","slug":"nha-hang-bar-shine","status":"publish","type":"page","link":"https:\/\/www.shiningriversidehoian.com\/vi\/dining\/nha-hang-bar-shine\/","title":{"rendered":"Nh\u00e0 H\u00e0ng &amp; Bar Shine"},"content":{"rendered":"<p>Nh\u00e0 h\u00e0ng &amp; Bar Shine mang \u0111\u1ebfn tr\u1ea3i nghi\u1ec7m kh\u00f3 qu\u00ean trong kh\u00f4ng gian trang nh\u00e3 \u0111\u1eadm ch\u1ea5t \u00c1 \u0110\u00f4ng. C\u1eeda s\u1ed5 l\u1edbn bao quanh nh\u00e0 h\u00e0ng mang l\u1ea1i h\u01a1i th\u1edf thi\u00ean nhi\u00ean giao thoa v\u1edbi n\u1ebfp nh\u00e3 nh\u1eb7n c\u1ee7a m\u1ed9t kh\u00f4ng gian y\u00ean \u1ea3. Ph\u1ee5c v\u1ee5 \u0111a d\u1ea1ng n\u1ec1n \u1ea9m th\u1ef1c truy\u1ec1n th\u1ed1ng \u0111\u1ecba ph\u01b0\u01a1ng v\u00e0 \u0111\u1eb7c s\u1ea3n, \u0111\u1ed9i ng\u0169 nhi\u1ec7t huy\u1ebft mang \u0111\u1ebfn tr\u1ea3i nghi\u1ec7m v\u1ecb gi\u00e1c \u0111\u00e1ng nh\u1edb v\u00e0 kh\u00e1c bi\u1ec7t. Ph\u1ee5c v\u1ee5 b\u1eefa s\u00e1ng Qu\u1ed1c t\u1ebf h\u00e0ng ng\u00e0y.<\/p>\n<p><strong>\u0110\u1ecba \u0111i\u1ec3m<\/strong>: T\u1ea7ng Tr\u1ec7t<\/p>\n","protected":false},"excerpt":{"rendered":"<p>Nh\u00e0 h\u00e0ng &amp; Bar Shine mang \u0111\u1ebfn tr\u1ea3i nghi\u1ec7m kh\u00f3 qu\u00ean trong kh\u00f4ng gian trang nh\u00e3 \u0111\u1eadm ch\u1ea5t \u00c1 \u0110\u00f4ng. C\u1eeda s\u1ed5 l\u1edbn bao quanh nh\u00e0 h\u00e0ng mang l\u1ea1i h\u01a1i th\u1edf thi\u00ean nhi\u00ean giao thoa v\u1edbi n\u1ebfp nh\u00e3 nh\u1eb7n c\u1ee7a m\u1ed9t kh\u00f4ng gian y\u00ean \u1ea3. Ph\u1ee5c v\u1ee5 \u0111a d\u1ea1ng n\u1ec1n \u1ea9m th\u1ef1c truy\u1ec1n th\u1ed1ng \u0111\u1ecba [&hellip;]<\/p>\n","protected":false},"author":8,"featured_media":0,"parent":110,"menu_order":1,"comment_status":"closed","ping_status":"closed","template":"template-single-restaurant.php","meta":{"footnotes":""},"yoast_head":"<!-- This site is optimized with the Yoast SEO plugin v22.3 - https:\/\/yoast.com\/wordpress\/plugins\/seo\/ -->\n<title>Nh\u00e0 H\u00e0ng &amp; Bar Shine - Shining Riverside Hoi An Boutique &amp; Spa<\/title>\n<meta name=\"robots\" content=\"index, follow, max-snippet:-1, max-image-preview:large, max-video-preview:-1\" \/>\n<link rel=\"canonical\" href=\"https:\/\/www.shiningriversidehoian.com\/vi\/dining\/nha-hang-bar-shine\/\" \/>\n<meta property=\"og:locale\" content=\"vi_VN\" \/>\n<meta property=\"og:type\" content=\"article\" \/>\n<meta property=\"og:title\" content=\"Nh\u00e0 H\u00e0ng &amp; Bar Shine - Shining Riverside Hoi An Boutique &amp; Spa\" \/>\n<meta property=\"og:description\" content=\"Nh\u00e0 h\u00e0ng &amp; Bar Shine mang \u0111\u1ebfn tr\u1ea3i nghi\u1ec7m kh\u00f3 qu\u00ean trong kh\u00f4ng gian trang nh\u00e3 \u0111\u1eadm ch\u1ea5t \u00c1 \u0110\u00f4ng. C\u1eeda s\u1ed5 l\u1edbn bao quanh nh\u00e0 h\u00e0ng mang l\u1ea1i h\u01a1i th\u1edf thi\u00ean nhi\u00ean giao thoa v\u1edbi n\u1ebfp nh\u00e3 nh\u1eb7n c\u1ee7a m\u1ed9t kh\u00f4ng gian y\u00ean \u1ea3. Ph\u1ee5c v\u1ee5 \u0111a d\u1ea1ng n\u1ec1n \u1ea9m th\u1ef1c truy\u1ec1n th\u1ed1ng \u0111\u1ecba [&hellip;]\" \/>\n<meta property=\"og:url\" content=\"https:\/\/www.shiningriversidehoian.com\/vi\/dining\/nha-hang-bar-shine\/\" \/>\n<meta property=\"og:site_name\" content=\"Shining Riverside Hoi An Boutique &amp; Spa\" \/>\n<meta property=\"article:modified_time\" content=\"2026-01-07T13:33:58+00:00\" \/>\n<meta name=\"twitter:card\" content=\"summary_large_image\" \/>\n<meta name=\"twitter:label1\" content=\"Est. reading time\" \/>\n\t<meta name=\"twitter:data1\" content=\"1 minute\" \/>\n<script type=\"application\/ld+json\" class=\"yoast-schema-graph\">{\"@context\":\"https:\/\/schema.org\",\"@graph\":[{\"@type\":\"WebPage\",\"@id\":\"https:\/\/www.shiningriversidehoian.com\/vi\/dining\/nha-hang-bar-shine\/\",\"url\":\"https:\/\/www.shiningriversidehoian.com\/vi\/dining\/nha-hang-bar-shine\/\",\"name\":\"Nh\u00e0 H\u00e0ng &amp; Bar Shine - Shining Riverside Hoi An Boutique &amp; Spa\",\"isPartOf\":{\"@id\":\"https:\/\/www.shiningriversidehoian.com\/vi\/#website\"},\"datePublished\":\"2025-10-31T05:08:29+00:00\",\"dateModified\":\"2026-01-07T13:33:58+00:00\",\"breadcrumb\":{\"@id\":\"https:\/\/www.shiningriversidehoian.com\/vi\/dining\/nha-hang-bar-shine\/#breadcrumb\"},\"inLanguage\":\"vi-VN\",\"potentialAction\":[{\"@type\":\"ReadAction\",\"target\":[\"https:\/\/www.shiningriversidehoian.com\/vi\/dining\/nha-hang-bar-shine\/\"]}]},{\"@type\":\"BreadcrumbList\",\"@id\":\"https:\/\/www.shiningriversidehoian.com\/vi\/dining\/nha-hang-bar-shine\/#breadcrumb\",\"itemListElement\":[{\"@type\":\"ListItem\",\"position\":1,\"name\":\"Home\",\"item\":\"https:\/\/www.shiningriversidehoian.com\/vi\/\"},{\"@type\":\"ListItem\",\"position\":2,\"name\":\"\u0102n U\u1ed1ng\",\"item\":\"https:\/\/www.shiningriversidehoian.com\/vi\/dining\/\"},{\"@type\":\"ListItem\",\"position\":3,\"name\":\"Nh\u00e0 H\u00e0ng &amp; Bar Shine\"}]},{\"@type\":\"WebSite\",\"@id\":\"https:\/\/www.shiningriversidehoian.com\/vi\/#website\",\"url\":\"https:\/\/www.shiningriversidehoian.com\/vi\/\",\"name\":\"Shining Riverside Hoi An Boutique & Spa\",\"description\":\"\",\"potentialAction\":[{\"@type\":\"SearchAction\",\"target\":{\"@type\":\"EntryPoint\",\"urlTemplate\":\"https:\/\/www.shiningriversidehoian.com\/vi\/?s={search_term_string}\"},\"query-input\":\"required name=search_term_string\"}],\"inLanguage\":\"vi-VN\"}]}<\/script>\n<!-- \/ Yoast SEO plugin. -->","yoast_head_json":{"title":"Nh\u00e0 H\u00e0ng &amp; Bar Shine - Shining Riverside Hoi An Boutique &amp; Spa","robots":{"index":"index","follow":"follow","max-snippet":"max-snippet:-1","max-image-preview":"max-image-preview:large","max-video-preview":"max-video-preview:-1"},"canonical":"https:\/\/www.shiningriversidehoian.com\/vi\/dining\/nha-hang-bar-shine\/","og_locale":"vi_VN","og_type":"article","og_title":"Nh\u00e0 H\u00e0ng &amp; Bar Shine - Shining Riverside Hoi An Boutique &amp; Spa","og_description":"Nh\u00e0 h\u00e0ng &amp; Bar Shine mang \u0111\u1ebfn tr\u1ea3i nghi\u1ec7m kh\u00f3 qu\u00ean trong kh\u00f4ng gian trang nh\u00e3 \u0111\u1eadm ch\u1ea5t \u00c1 \u0110\u00f4ng. C\u1eeda s\u1ed5 l\u1edbn bao quanh nh\u00e0 h\u00e0ng mang l\u1ea1i h\u01a1i th\u1edf thi\u00ean nhi\u00ean giao thoa v\u1edbi n\u1ebfp nh\u00e3 nh\u1eb7n c\u1ee7a m\u1ed9t kh\u00f4ng gian y\u00ean \u1ea3. Ph\u1ee5c v\u1ee5 \u0111a d\u1ea1ng n\u1ec1n \u1ea9m th\u1ef1c truy\u1ec1n th\u1ed1ng \u0111\u1ecba [&hellip;]","og_url":"https:\/\/www.shiningriversidehoian.com\/vi\/dining\/nha-hang-bar-shine\/","og_site_name":"Shining Riverside Hoi An Boutique &amp; Spa","article_modified_time":"2026-01-07T13:33:58+00:00","twitter_card":"summary_large_image","twitter_misc":{"Est. reading time":"1 minute"},"schema":{"@context":"https:\/\/schema.org","@graph":[{"@type":"WebPage","@id":"https:\/\/www.shiningriversidehoian.com\/vi\/dining\/nha-hang-bar-shine\/","url":"https:\/\/www.shiningriversidehoian.com\/vi\/dining\/nha-hang-bar-shine\/","name":"Nh\u00e0 H\u00e0ng &amp; Bar Shine - Shining Riverside Hoi An Boutique &amp; Spa","isPartOf":{"@id":"https:\/\/www.shiningriversidehoian.com\/vi\/#website"},"datePublished":"2025-10-31T05:08:29+00:00","dateModified":"2026-01-07T13:33:58+00:00","breadcrumb":{"@id":"https:\/\/www.shiningriversidehoian.com\/vi\/dining\/nha-hang-bar-shine\/#breadcrumb"},"inLanguage":"vi-VN","potentialAction":[{"@type":"ReadAction","target":["https:\/\/www.shiningriversidehoian.com\/vi\/dining\/nha-hang-bar-shine\/"]}]},{"@type":"BreadcrumbList","@id":"https:\/\/www.shiningriversidehoian.com\/vi\/dining\/nha-hang-bar-shine\/#breadcrumb","itemListElement":[{"@type":"ListItem","position":1,"name":"Home","item":"https:\/\/www.shiningriversidehoian.com\/vi\/"},{"@type":"ListItem","position":2,"name":"\u0102n U\u1ed1ng","item":"https:\/\/www.shiningriversidehoian.com\/vi\/dining\/"},{"@type":"ListItem","position":3,"name":"Nh\u00e0 H\u00e0ng &amp; Bar Shine"}]},{"@type":"WebSite","@id":"https:\/\/www.shiningriversidehoian.com\/vi\/#website","url":"https:\/\/www.shiningriversidehoian.com\/vi\/","name":"Shining Riverside Hoi An Boutique & Spa","description":"","potentialAction":[{"@type":"SearchAction","target":{"@type":"EntryPoint","urlTemplate":"https:\/\/www.shiningriversidehoian.com\/vi\/?s={search_term_string}"},"query-input":"required name=search_term_string"}],"inLanguage":"vi-VN"}]}},"acf":[],"_links":{"self":[{"href":"https:\/\/www.shiningriversidehoian.com\/vi\/wp-json\/wp\/v2\/pages\/111"}],"collection":[{"href":"https:\/\/www.shiningriversidehoian.com\/vi\/wp-json\/wp\/v2\/pages"}],"about":[{"href":"https:\/\/www.shiningriversidehoian.com\/vi\/wp-json\/wp\/v2\/types\/page"}],"author":[{"embeddable":true,"href":"https:\/\/www.shiningriversidehoian.com\/vi\/wp-json\/wp\/v2\/users\/8"}],"replies":[{"embeddable":true,"href":"https:\/\/www.shiningriversidehoian.com\/vi\/wp-json\/wp\/v2\/comments?post=111"}],"version-history":[{"count":0,"href":"https:\/\/www.shiningriversidehoian.com\/vi\/wp-json\/wp\/v2\/pages\/111\/revisions"}],"up":[{"embeddable":true,"href":"https:\/\/www.shiningriversidehoian.com\/vi\/wp-json\/wp\/v2\/pages\/110"}],"wp:attachment":[{"href":"https:\/\/www.shiningriversidehoian.com\/vi\/wp-json\/wp\/v2\/media?parent=111"}],"curies":[{"name":"wp","href":"https:\/\/api.w.org\/{rel}","templated":true}]}}