{"id":113,"date":"2025-10-31T05:13:31","date_gmt":"2025-10-31T05:13:31","guid":{"rendered":"https:\/\/shiningriversidehoian.ms2.decms.asia\/dining\/yen-garden-lounge\/"},"modified":"2025-12-02T06:08:51","modified_gmt":"2025-12-02T06:08:51","slug":"yen-garden-lounge","status":"publish","type":"page","link":"https:\/\/www.shiningriversidehoian.com\/vi\/dining\/yen-garden-lounge\/","title":{"rendered":"Yen Garden Lounge"},"content":{"rendered":"<p>M\u1ed9t n\u01a1i l\u00fd t\u01b0\u1edfng b\u00ean b\u1edd s\u00f4ng th\u01a1 m\u1ed9ng bao quanh b\u1edfi nh\u1eefng c\u00e0nh c\u00e2y v\u00e0 v\u01b0\u1eddn hoa th\u01b0 th\u00e1i trong s\u1ef1 th\u00e2n m\u1eadt \u0111\u00fang nh\u01b0 t\u00ean g\u1ecdi c\u1ee7a n\u00f3. Yen Garden Lounge n\u1eb1m v\u00f9i m\u00ecnh d\u01b0\u1edbi nh\u1eefng t\u00e1n c\u00e2y c\u1ecd v\u00e0 n\u00e9p m\u00ecnh b\u00ean h\u00e0ng d\u1eeba, n\u01a1i b\u1ea1n ho\u00e0n to\u00e0n \u0111\u1eafm m\u00ecnh trong s\u1ef1 ri\u00eang t\u01b0 d\u01b0\u1edbi b\u00f3ng m\u00e1t v\u1edbi nh\u1eefng ly tr\u00e0 m\u00e1t l\u1ea1nh. Tho\u1ea3i m\u00e1i cho nh\u1eefng cu\u1ed9c g\u1eb7p g\u1ee1, \u0111\u1ec3 b\u1ea1n c\u00f3 th\u1ec3 n\u00f3i chuy\u1ec7n v\u00e0 chia s\u1ebb kho\u1ea3ng th\u1eddi gian c\u00e1 nh\u00e2n c\u1ee7a m\u00ecnh m\u1ed9t c\u00e1ch ch\u1ea5t l\u01b0\u1ee3ng<\/p>\n<p><strong>\u0110\u1ecba \u0111i\u1ec3m:<\/strong> T\u1ea7ng Tr\u1ec7t<\/p>\n","protected":false},"excerpt":{"rendered":"<p>M\u1ed9t n\u01a1i l\u00fd t\u01b0\u1edfng b\u00ean b\u1edd s\u00f4ng th\u01a1 m\u1ed9ng bao quanh b\u1edfi nh\u1eefng c\u00e0nh c\u00e2y v\u00e0 v\u01b0\u1eddn hoa th\u01b0 th\u00e1i trong s\u1ef1 th\u00e2n m\u1eadt \u0111\u00fang nh\u01b0 t\u00ean g\u1ecdi c\u1ee7a n\u00f3. Yen Garden Lounge n\u1eb1m v\u00f9i m\u00ecnh d\u01b0\u1edbi nh\u1eefng t\u00e1n c\u00e2y c\u1ecd v\u00e0 n\u00e9p m\u00ecnh b\u00ean h\u00e0ng d\u1eeba, n\u01a1i b\u1ea1n ho\u00e0n to\u00e0n \u0111\u1eafm m\u00ecnh trong s\u1ef1 [&hellip;]<\/p>\n","protected":false},"author":8,"featured_media":0,"parent":110,"menu_order":2,"comment_status":"closed","ping_status":"closed","template":"template-single-restaurant.php","meta":{"footnotes":""},"yoast_head":"<!-- This site is optimized with the Yoast SEO plugin v22.3 - https:\/\/yoast.com\/wordpress\/plugins\/seo\/ -->\n<title>Yen Garden Lounge - Shining Riverside Hoi An Boutique &amp; Spa<\/title>\n<meta name=\"robots\" content=\"index, follow, max-snippet:-1, max-image-preview:large, max-video-preview:-1\" \/>\n<link rel=\"canonical\" href=\"https:\/\/www.shiningriversidehoian.com\/vi\/dining\/yen-garden-lounge\/\" \/>\n<meta property=\"og:locale\" content=\"vi_VN\" \/>\n<meta property=\"og:type\" content=\"article\" \/>\n<meta property=\"og:title\" content=\"Yen Garden Lounge - Shining Riverside Hoi An Boutique &amp; Spa\" \/>\n<meta property=\"og:description\" content=\"M\u1ed9t n\u01a1i l\u00fd t\u01b0\u1edfng b\u00ean b\u1edd s\u00f4ng th\u01a1 m\u1ed9ng bao quanh b\u1edfi nh\u1eefng c\u00e0nh c\u00e2y v\u00e0 v\u01b0\u1eddn hoa th\u01b0 th\u00e1i trong s\u1ef1 th\u00e2n m\u1eadt \u0111\u00fang nh\u01b0 t\u00ean g\u1ecdi c\u1ee7a n\u00f3. Yen Garden Lounge n\u1eb1m v\u00f9i m\u00ecnh d\u01b0\u1edbi nh\u1eefng t\u00e1n c\u00e2y c\u1ecd v\u00e0 n\u00e9p m\u00ecnh b\u00ean h\u00e0ng d\u1eeba, n\u01a1i b\u1ea1n ho\u00e0n to\u00e0n \u0111\u1eafm m\u00ecnh trong s\u1ef1 [&hellip;]\" \/>\n<meta property=\"og:url\" content=\"https:\/\/www.shiningriversidehoian.com\/vi\/dining\/yen-garden-lounge\/\" \/>\n<meta property=\"og:site_name\" content=\"Shining Riverside Hoi An Boutique &amp; Spa\" \/>\n<meta property=\"article:modified_time\" content=\"2025-12-02T06:08:51+00:00\" \/>\n<meta name=\"twitter:card\" content=\"summary_large_image\" \/>\n<meta name=\"twitter:label1\" content=\"Est. reading time\" \/>\n\t<meta name=\"twitter:data1\" content=\"1 minute\" \/>\n<script type=\"application\/ld+json\" class=\"yoast-schema-graph\">{\"@context\":\"https:\/\/schema.org\",\"@graph\":[{\"@type\":\"WebPage\",\"@id\":\"https:\/\/www.shiningriversidehoian.com\/vi\/dining\/yen-garden-lounge\/\",\"url\":\"https:\/\/www.shiningriversidehoian.com\/vi\/dining\/yen-garden-lounge\/\",\"name\":\"Yen Garden Lounge - Shining Riverside Hoi An Boutique &amp; Spa\",\"isPartOf\":{\"@id\":\"https:\/\/www.shiningriversidehoian.com\/vi\/#website\"},\"datePublished\":\"2025-10-31T05:13:31+00:00\",\"dateModified\":\"2025-12-02T06:08:51+00:00\",\"breadcrumb\":{\"@id\":\"https:\/\/www.shiningriversidehoian.com\/vi\/dining\/yen-garden-lounge\/#breadcrumb\"},\"inLanguage\":\"vi-VN\",\"potentialAction\":[{\"@type\":\"ReadAction\",\"target\":[\"https:\/\/www.shiningriversidehoian.com\/vi\/dining\/yen-garden-lounge\/\"]}]},{\"@type\":\"BreadcrumbList\",\"@id\":\"https:\/\/www.shiningriversidehoian.com\/vi\/dining\/yen-garden-lounge\/#breadcrumb\",\"itemListElement\":[{\"@type\":\"ListItem\",\"position\":1,\"name\":\"Home\",\"item\":\"https:\/\/www.shiningriversidehoian.com\/vi\/\"},{\"@type\":\"ListItem\",\"position\":2,\"name\":\"\u0102n U\u1ed1ng\",\"item\":\"https:\/\/www.shiningriversidehoian.com\/vi\/dining\/\"},{\"@type\":\"ListItem\",\"position\":3,\"name\":\"Yen Garden Lounge\"}]},{\"@type\":\"WebSite\",\"@id\":\"https:\/\/www.shiningriversidehoian.com\/vi\/#website\",\"url\":\"https:\/\/www.shiningriversidehoian.com\/vi\/\",\"name\":\"Shining Riverside Hoi An Boutique & Spa\",\"description\":\"\",\"potentialAction\":[{\"@type\":\"SearchAction\",\"target\":{\"@type\":\"EntryPoint\",\"urlTemplate\":\"https:\/\/www.shiningriversidehoian.com\/vi\/?s={search_term_string}\"},\"query-input\":\"required name=search_term_string\"}],\"inLanguage\":\"vi-VN\"}]}<\/script>\n<!-- \/ Yoast SEO plugin. -->","yoast_head_json":{"title":"Yen Garden Lounge - Shining Riverside Hoi An Boutique &amp; Spa","robots":{"index":"index","follow":"follow","max-snippet":"max-snippet:-1","max-image-preview":"max-image-preview:large","max-video-preview":"max-video-preview:-1"},"canonical":"https:\/\/www.shiningriversidehoian.com\/vi\/dining\/yen-garden-lounge\/","og_locale":"vi_VN","og_type":"article","og_title":"Yen Garden Lounge - Shining Riverside Hoi An Boutique &amp; Spa","og_description":"M\u1ed9t n\u01a1i l\u00fd t\u01b0\u1edfng b\u00ean b\u1edd s\u00f4ng th\u01a1 m\u1ed9ng bao quanh b\u1edfi nh\u1eefng c\u00e0nh c\u00e2y v\u00e0 v\u01b0\u1eddn hoa th\u01b0 th\u00e1i trong s\u1ef1 th\u00e2n m\u1eadt \u0111\u00fang nh\u01b0 t\u00ean g\u1ecdi c\u1ee7a n\u00f3. Yen Garden Lounge n\u1eb1m v\u00f9i m\u00ecnh d\u01b0\u1edbi nh\u1eefng t\u00e1n c\u00e2y c\u1ecd v\u00e0 n\u00e9p m\u00ecnh b\u00ean h\u00e0ng d\u1eeba, n\u01a1i b\u1ea1n ho\u00e0n to\u00e0n \u0111\u1eafm m\u00ecnh trong s\u1ef1 [&hellip;]","og_url":"https:\/\/www.shiningriversidehoian.com\/vi\/dining\/yen-garden-lounge\/","og_site_name":"Shining Riverside Hoi An Boutique &amp; Spa","article_modified_time":"2025-12-02T06:08:51+00:00","twitter_card":"summary_large_image","twitter_misc":{"Est. reading time":"1 minute"},"schema":{"@context":"https:\/\/schema.org","@graph":[{"@type":"WebPage","@id":"https:\/\/www.shiningriversidehoian.com\/vi\/dining\/yen-garden-lounge\/","url":"https:\/\/www.shiningriversidehoian.com\/vi\/dining\/yen-garden-lounge\/","name":"Yen Garden Lounge - Shining Riverside Hoi An Boutique &amp; Spa","isPartOf":{"@id":"https:\/\/www.shiningriversidehoian.com\/vi\/#website"},"datePublished":"2025-10-31T05:13:31+00:00","dateModified":"2025-12-02T06:08:51+00:00","breadcrumb":{"@id":"https:\/\/www.shiningriversidehoian.com\/vi\/dining\/yen-garden-lounge\/#breadcrumb"},"inLanguage":"vi-VN","potentialAction":[{"@type":"ReadAction","target":["https:\/\/www.shiningriversidehoian.com\/vi\/dining\/yen-garden-lounge\/"]}]},{"@type":"BreadcrumbList","@id":"https:\/\/www.shiningriversidehoian.com\/vi\/dining\/yen-garden-lounge\/#breadcrumb","itemListElement":[{"@type":"ListItem","position":1,"name":"Home","item":"https:\/\/www.shiningriversidehoian.com\/vi\/"},{"@type":"ListItem","position":2,"name":"\u0102n U\u1ed1ng","item":"https:\/\/www.shiningriversidehoian.com\/vi\/dining\/"},{"@type":"ListItem","position":3,"name":"Yen Garden Lounge"}]},{"@type":"WebSite","@id":"https:\/\/www.shiningriversidehoian.com\/vi\/#website","url":"https:\/\/www.shiningriversidehoian.com\/vi\/","name":"Shining Riverside Hoi An Boutique & Spa","description":"","potentialAction":[{"@type":"SearchAction","target":{"@type":"EntryPoint","urlTemplate":"https:\/\/www.shiningriversidehoian.com\/vi\/?s={search_term_string}"},"query-input":"required name=search_term_string"}],"inLanguage":"vi-VN"}]}},"acf":[],"_links":{"self":[{"href":"https:\/\/www.shiningriversidehoian.com\/vi\/wp-json\/wp\/v2\/pages\/113"}],"collection":[{"href":"https:\/\/www.shiningriversidehoian.com\/vi\/wp-json\/wp\/v2\/pages"}],"about":[{"href":"https:\/\/www.shiningriversidehoian.com\/vi\/wp-json\/wp\/v2\/types\/page"}],"author":[{"embeddable":true,"href":"https:\/\/www.shiningriversidehoian.com\/vi\/wp-json\/wp\/v2\/users\/8"}],"replies":[{"embeddable":true,"href":"https:\/\/www.shiningriversidehoian.com\/vi\/wp-json\/wp\/v2\/comments?post=113"}],"version-history":[{"count":0,"href":"https:\/\/www.shiningriversidehoian.com\/vi\/wp-json\/wp\/v2\/pages\/113\/revisions"}],"up":[{"embeddable":true,"href":"https:\/\/www.shiningriversidehoian.com\/vi\/wp-json\/wp\/v2\/pages\/110"}],"wp:attachment":[{"href":"https:\/\/www.shiningriversidehoian.com\/vi\/wp-json\/wp\/v2\/media?parent=113"}],"curies":[{"name":"wp","href":"https:\/\/api.w.org\/{rel}","templated":true}]}}