{"id":116,"date":"2025-10-31T05:28:21","date_gmt":"2025-10-31T05:28:21","guid":{"rendered":"https:\/\/shiningriversidehoian.ms2.decms.asia\/services-amenities\/leaf-art\/"},"modified":"2026-01-07T10:04:51","modified_gmt":"2026-01-07T10:04:51","slug":"leaf-art","status":"publish","type":"page","link":"https:\/\/www.shiningriversidehoian.com\/vi\/services-amenities\/leaf-art\/","title":{"rendered":"L\u1edbp D\u1ea1y G\u1ea5p L\u00e1"},"content":{"rendered":"<p style=\"text-align: center\">H\u1ecdc h\u1ecfi ngh\u1ec1 truy\u1ec1n tr\u1ed1ng t\u1eeb nh\u1eefng l\u00e1 d\u1eeba t\u1ea1i l\u1edbp h\u1ecdc mi\u1ec5n ph\u00ed c\u1ee7a ch\u00fang t\u00f4i. K\u0129 thu\u1eadt t\u1ea1o h\u00ecnh \u0111\u1ed9c \u0111\u00e1o cho ra nh\u1eefng m\u00f3n \u0111\u1ed3 ch\u01a1i tu\u1ed5i th\u01a1 s\u1ebd l\u00e0 m\u00f3n qu\u00e0 qu\u00fd mang v\u1ec1 cho gia \u0111\u00ecnh v\u00e0 tr\u1ebb nh\u1ecf.<\/p>\n<p style=\"text-align: center\"><strong>\u0110\u1ecba \u0111i\u1ec3m: <\/strong>T\u1ea7ng Tr\u1ec7t<br \/>\n<strong>Gi\u1edd b\u1eaft \u0111\u1ea7u:<\/strong> 15:00 h\u00e0ng ng\u00e0y<\/p>\n","protected":false},"excerpt":{"rendered":"<p>H\u1ecdc h\u1ecfi ngh\u1ec1 truy\u1ec1n tr\u1ed1ng t\u1eeb nh\u1eefng l\u00e1 d\u1eeba t\u1ea1i l\u1edbp h\u1ecdc mi\u1ec5n ph\u00ed c\u1ee7a ch\u00fang t\u00f4i. K\u0129 thu\u1eadt t\u1ea1o h\u00ecnh \u0111\u1ed9c \u0111\u00e1o cho ra nh\u1eefng m\u00f3n \u0111\u1ed3 ch\u01a1i tu\u1ed5i th\u01a1 s\u1ebd l\u00e0 m\u00f3n qu\u00e0 qu\u00fd mang v\u1ec1 cho gia \u0111\u00ecnh v\u00e0 tr\u1ebb nh\u1ecf. \u0110\u1ecba \u0111i\u1ec3m: T\u1ea7ng Tr\u1ec7t Gi\u1edd b\u1eaft \u0111\u1ea7u: 15:00 h\u00e0ng ng\u00e0y<\/p>\n","protected":false},"author":8,"featured_media":240,"parent":115,"menu_order":0,"comment_status":"closed","ping_status":"closed","template":"template-default-2.php","meta":{"footnotes":""},"yoast_head":"<!-- This site is optimized with the Yoast SEO plugin v22.3 - https:\/\/yoast.com\/wordpress\/plugins\/seo\/ -->\n<title>L\u1edbp D\u1ea1y G\u1ea5p L\u00e1 - Shining Riverside Hoi An Boutique &amp; Spa<\/title>\n<meta name=\"robots\" content=\"index, follow, max-snippet:-1, max-image-preview:large, max-video-preview:-1\" \/>\n<link rel=\"canonical\" href=\"https:\/\/www.shiningriversidehoian.com\/vi\/services-amenities\/leaf-art\/\" \/>\n<meta property=\"og:locale\" content=\"vi_VN\" \/>\n<meta property=\"og:type\" content=\"article\" \/>\n<meta property=\"og:title\" content=\"L\u1edbp D\u1ea1y G\u1ea5p L\u00e1 - Shining Riverside Hoi An Boutique &amp; Spa\" \/>\n<meta property=\"og:description\" content=\"H\u1ecdc h\u1ecfi ngh\u1ec1 truy\u1ec1n tr\u1ed1ng t\u1eeb nh\u1eefng l\u00e1 d\u1eeba t\u1ea1i l\u1edbp h\u1ecdc mi\u1ec5n ph\u00ed c\u1ee7a ch\u00fang t\u00f4i. K\u0129 thu\u1eadt t\u1ea1o h\u00ecnh \u0111\u1ed9c \u0111\u00e1o cho ra nh\u1eefng m\u00f3n \u0111\u1ed3 ch\u01a1i tu\u1ed5i th\u01a1 s\u1ebd l\u00e0 m\u00f3n qu\u00e0 qu\u00fd mang v\u1ec1 cho gia \u0111\u00ecnh v\u00e0 tr\u1ebb nh\u1ecf. \u0110\u1ecba \u0111i\u1ec3m: T\u1ea7ng Tr\u1ec7t Gi\u1edd b\u1eaft \u0111\u1ea7u: 15:00 h\u00e0ng ng\u00e0y\" \/>\n<meta property=\"og:url\" content=\"https:\/\/www.shiningriversidehoian.com\/vi\/services-amenities\/leaf-art\/\" \/>\n<meta property=\"og:site_name\" content=\"Shining Riverside Hoi An Boutique &amp; Spa\" \/>\n<meta property=\"article:modified_time\" content=\"2026-01-07T10:04:51+00:00\" \/>\n<meta property=\"og:image\" content=\"https:\/\/www.shiningriversidehoian.com\/wp-content\/uploads\/sites\/126\/2026\/01\/f7532e7f-953c-46f7-a585-14ff9ce30707.png\" \/>\n\t<meta property=\"og:image:width\" content=\"1536\" \/>\n\t<meta property=\"og:image:height\" content=\"1024\" \/>\n\t<meta property=\"og:image:type\" content=\"image\/png\" \/>\n<meta name=\"twitter:card\" content=\"summary_large_image\" \/>\n<meta name=\"twitter:label1\" content=\"Est. reading time\" \/>\n\t<meta name=\"twitter:data1\" content=\"1 minute\" \/>\n<script type=\"application\/ld+json\" class=\"yoast-schema-graph\">{\"@context\":\"https:\/\/schema.org\",\"@graph\":[{\"@type\":\"WebPage\",\"@id\":\"https:\/\/www.shiningriversidehoian.com\/vi\/services-amenities\/leaf-art\/\",\"url\":\"https:\/\/www.shiningriversidehoian.com\/vi\/services-amenities\/leaf-art\/\",\"name\":\"L\u1edbp D\u1ea1y G\u1ea5p L\u00e1 - Shining Riverside Hoi An Boutique &amp; Spa\",\"isPartOf\":{\"@id\":\"https:\/\/www.shiningriversidehoian.com\/vi\/#website\"},\"primaryImageOfPage\":{\"@id\":\"https:\/\/www.shiningriversidehoian.com\/vi\/services-amenities\/leaf-art\/#primaryimage\"},\"image\":{\"@id\":\"https:\/\/www.shiningriversidehoian.com\/vi\/services-amenities\/leaf-art\/#primaryimage\"},\"thumbnailUrl\":\"https:\/\/www.shiningriversidehoian.com\/wp-content\/uploads\/sites\/126\/2026\/01\/f7532e7f-953c-46f7-a585-14ff9ce30707.png\",\"datePublished\":\"2025-10-31T05:28:21+00:00\",\"dateModified\":\"2026-01-07T10:04:51+00:00\",\"breadcrumb\":{\"@id\":\"https:\/\/www.shiningriversidehoian.com\/vi\/services-amenities\/leaf-art\/#breadcrumb\"},\"inLanguage\":\"vi-VN\",\"potentialAction\":[{\"@type\":\"ReadAction\",\"target\":[\"https:\/\/www.shiningriversidehoian.com\/vi\/services-amenities\/leaf-art\/\"]}]},{\"@type\":\"ImageObject\",\"inLanguage\":\"vi-VN\",\"@id\":\"https:\/\/www.shiningriversidehoian.com\/vi\/services-amenities\/leaf-art\/#primaryimage\",\"url\":\"https:\/\/www.shiningriversidehoian.com\/wp-content\/uploads\/sites\/126\/2026\/01\/f7532e7f-953c-46f7-a585-14ff9ce30707.png\",\"contentUrl\":\"https:\/\/www.shiningriversidehoian.com\/wp-content\/uploads\/sites\/126\/2026\/01\/f7532e7f-953c-46f7-a585-14ff9ce30707.png\",\"width\":1536,\"height\":1024},{\"@type\":\"BreadcrumbList\",\"@id\":\"https:\/\/www.shiningriversidehoian.com\/vi\/services-amenities\/leaf-art\/#breadcrumb\",\"itemListElement\":[{\"@type\":\"ListItem\",\"position\":1,\"name\":\"Home\",\"item\":\"https:\/\/www.shiningriversidehoian.com\/vi\/\"},{\"@type\":\"ListItem\",\"position\":2,\"name\":\"D\u1ecbch V\u1ee5 &amp; Ti\u1ec7n Nghi\",\"item\":\"https:\/\/www.shiningriversidehoian.com\/vi\/services-amenities\/\"},{\"@type\":\"ListItem\",\"position\":3,\"name\":\"L\u1edbp D\u1ea1y G\u1ea5p L\u00e1\"}]},{\"@type\":\"WebSite\",\"@id\":\"https:\/\/www.shiningriversidehoian.com\/vi\/#website\",\"url\":\"https:\/\/www.shiningriversidehoian.com\/vi\/\",\"name\":\"Shining Riverside Hoi An Boutique & Spa\",\"description\":\"\",\"potentialAction\":[{\"@type\":\"SearchAction\",\"target\":{\"@type\":\"EntryPoint\",\"urlTemplate\":\"https:\/\/www.shiningriversidehoian.com\/vi\/?s={search_term_string}\"},\"query-input\":\"required name=search_term_string\"}],\"inLanguage\":\"vi-VN\"}]}<\/script>\n<!-- \/ Yoast SEO plugin. -->","yoast_head_json":{"title":"L\u1edbp D\u1ea1y G\u1ea5p L\u00e1 - Shining Riverside Hoi An Boutique &amp; Spa","robots":{"index":"index","follow":"follow","max-snippet":"max-snippet:-1","max-image-preview":"max-image-preview:large","max-video-preview":"max-video-preview:-1"},"canonical":"https:\/\/www.shiningriversidehoian.com\/vi\/services-amenities\/leaf-art\/","og_locale":"vi_VN","og_type":"article","og_title":"L\u1edbp D\u1ea1y G\u1ea5p L\u00e1 - Shining Riverside Hoi An Boutique &amp; Spa","og_description":"H\u1ecdc h\u1ecfi ngh\u1ec1 truy\u1ec1n tr\u1ed1ng t\u1eeb nh\u1eefng l\u00e1 d\u1eeba t\u1ea1i l\u1edbp h\u1ecdc mi\u1ec5n ph\u00ed c\u1ee7a ch\u00fang t\u00f4i. K\u0129 thu\u1eadt t\u1ea1o h\u00ecnh \u0111\u1ed9c \u0111\u00e1o cho ra nh\u1eefng m\u00f3n \u0111\u1ed3 ch\u01a1i tu\u1ed5i th\u01a1 s\u1ebd l\u00e0 m\u00f3n qu\u00e0 qu\u00fd mang v\u1ec1 cho gia \u0111\u00ecnh v\u00e0 tr\u1ebb nh\u1ecf. \u0110\u1ecba \u0111i\u1ec3m: T\u1ea7ng Tr\u1ec7t Gi\u1edd b\u1eaft \u0111\u1ea7u: 15:00 h\u00e0ng ng\u00e0y","og_url":"https:\/\/www.shiningriversidehoian.com\/vi\/services-amenities\/leaf-art\/","og_site_name":"Shining Riverside Hoi An Boutique &amp; Spa","article_modified_time":"2026-01-07T10:04:51+00:00","og_image":[{"width":1536,"height":1024,"url":"https:\/\/www.shiningriversidehoian.com\/wp-content\/uploads\/sites\/126\/2026\/01\/f7532e7f-953c-46f7-a585-14ff9ce30707.png","type":"image\/png"}],"twitter_card":"summary_large_image","twitter_misc":{"Est. reading time":"1 minute"},"schema":{"@context":"https:\/\/schema.org","@graph":[{"@type":"WebPage","@id":"https:\/\/www.shiningriversidehoian.com\/vi\/services-amenities\/leaf-art\/","url":"https:\/\/www.shiningriversidehoian.com\/vi\/services-amenities\/leaf-art\/","name":"L\u1edbp D\u1ea1y G\u1ea5p L\u00e1 - Shining Riverside Hoi An Boutique &amp; Spa","isPartOf":{"@id":"https:\/\/www.shiningriversidehoian.com\/vi\/#website"},"primaryImageOfPage":{"@id":"https:\/\/www.shiningriversidehoian.com\/vi\/services-amenities\/leaf-art\/#primaryimage"},"image":{"@id":"https:\/\/www.shiningriversidehoian.com\/vi\/services-amenities\/leaf-art\/#primaryimage"},"thumbnailUrl":"https:\/\/www.shiningriversidehoian.com\/wp-content\/uploads\/sites\/126\/2026\/01\/f7532e7f-953c-46f7-a585-14ff9ce30707.png","datePublished":"2025-10-31T05:28:21+00:00","dateModified":"2026-01-07T10:04:51+00:00","breadcrumb":{"@id":"https:\/\/www.shiningriversidehoian.com\/vi\/services-amenities\/leaf-art\/#breadcrumb"},"inLanguage":"vi-VN","potentialAction":[{"@type":"ReadAction","target":["https:\/\/www.shiningriversidehoian.com\/vi\/services-amenities\/leaf-art\/"]}]},{"@type":"ImageObject","inLanguage":"vi-VN","@id":"https:\/\/www.shiningriversidehoian.com\/vi\/services-amenities\/leaf-art\/#primaryimage","url":"https:\/\/www.shiningriversidehoian.com\/wp-content\/uploads\/sites\/126\/2026\/01\/f7532e7f-953c-46f7-a585-14ff9ce30707.png","contentUrl":"https:\/\/www.shiningriversidehoian.com\/wp-content\/uploads\/sites\/126\/2026\/01\/f7532e7f-953c-46f7-a585-14ff9ce30707.png","width":1536,"height":1024},{"@type":"BreadcrumbList","@id":"https:\/\/www.shiningriversidehoian.com\/vi\/services-amenities\/leaf-art\/#breadcrumb","itemListElement":[{"@type":"ListItem","position":1,"name":"Home","item":"https:\/\/www.shiningriversidehoian.com\/vi\/"},{"@type":"ListItem","position":2,"name":"D\u1ecbch V\u1ee5 &amp; Ti\u1ec7n Nghi","item":"https:\/\/www.shiningriversidehoian.com\/vi\/services-amenities\/"},{"@type":"ListItem","position":3,"name":"L\u1edbp D\u1ea1y G\u1ea5p L\u00e1"}]},{"@type":"WebSite","@id":"https:\/\/www.shiningriversidehoian.com\/vi\/#website","url":"https:\/\/www.shiningriversidehoian.com\/vi\/","name":"Shining Riverside Hoi An Boutique & Spa","description":"","potentialAction":[{"@type":"SearchAction","target":{"@type":"EntryPoint","urlTemplate":"https:\/\/www.shiningriversidehoian.com\/vi\/?s={search_term_string}"},"query-input":"required name=search_term_string"}],"inLanguage":"vi-VN"}]}},"acf":[],"_links":{"self":[{"href":"https:\/\/www.shiningriversidehoian.com\/vi\/wp-json\/wp\/v2\/pages\/116"}],"collection":[{"href":"https:\/\/www.shiningriversidehoian.com\/vi\/wp-json\/wp\/v2\/pages"}],"about":[{"href":"https:\/\/www.shiningriversidehoian.com\/vi\/wp-json\/wp\/v2\/types\/page"}],"author":[{"embeddable":true,"href":"https:\/\/www.shiningriversidehoian.com\/vi\/wp-json\/wp\/v2\/users\/8"}],"replies":[{"embeddable":true,"href":"https:\/\/www.shiningriversidehoian.com\/vi\/wp-json\/wp\/v2\/comments?post=116"}],"version-history":[{"count":0,"href":"https:\/\/www.shiningriversidehoian.com\/vi\/wp-json\/wp\/v2\/pages\/116\/revisions"}],"up":[{"embeddable":true,"href":"https:\/\/www.shiningriversidehoian.com\/vi\/wp-json\/wp\/v2\/pages\/115"}],"wp:featuredmedia":[{"embeddable":true,"href":"https:\/\/www.shiningriversidehoian.com\/vi\/wp-json\/wp\/v2\/media\/240"}],"wp:attachment":[{"href":"https:\/\/www.shiningriversidehoian.com\/vi\/wp-json\/wp\/v2\/media?parent=116"}],"curies":[{"name":"wp","href":"https:\/\/api.w.org\/{rel}","templated":true}]}}