{"id":118,"date":"2025-10-31T05:32:41","date_gmt":"2025-10-31T05:32:41","guid":{"rendered":"https:\/\/shiningriversidehoian.ms2.decms.asia\/meetings-events\/"},"modified":"2026-04-28T04:36:07","modified_gmt":"2026-04-28T04:36:07","slug":"meetings-events","status":"publish","type":"page","link":"https:\/\/www.shiningriversidehoian.com\/vi\/meetings-events\/","title":{"rendered":"S\u1ef1 Ki\u1ec7n"},"content":{"rendered":"<p>H\u00ecnh dung, hi\u1ec7n th\u1ef1c h\u00f3a, v\u00e0 t\u1ea1o \u1ea5n t\u01b0\u1ee3ng. C\u00e1c kh\u00f4ng gian t\u1ed5 ch\u1ee9c s\u1ef1 ki\u1ec7n c\u1ee7a ch\u00fang t\u00f4i ph\u00f9 h\u1ee3p cho t\u1ea5t c\u1ea3 c\u00e1c d\u1ecbp g\u1eb7p g\u1ee1 v\u00e0 nh\u1eefng s\u1ef1 ki\u1ec7n \u0111\u1eb7c bi\u1ec7t trong \u0111\u1eddi c\u1ee7a b\u1ea1n. H\u00e3y \u0111\u1ec3 nh\u1eefng kho\u1ea3nh kh\u1eafc tr\u1edf th\u00e0nh k\u1ec9 ni\u1ec7m kh\u00f3 qu\u00ean.<\/p>\n<p>Li\u00ean h\u1ec7 \u0111\u1ed9i ng\u0169 \u0111\u1ec3 \u0111\u01b0\u1ee3c h\u1ed7 tr\u1ee3 qua email <a href=\"mailto:info@shiningriversidehoian.com\">info@shiningriversidehoian.com<\/a><\/p>\n","protected":false},"excerpt":{"rendered":"<p>H\u00ecnh dung, hi\u1ec7n th\u1ef1c h\u00f3a, v\u00e0 t\u1ea1o \u1ea5n t\u01b0\u1ee3ng. C\u00e1c kh\u00f4ng gian t\u1ed5 ch\u1ee9c s\u1ef1 ki\u1ec7n c\u1ee7a ch\u00fang t\u00f4i ph\u00f9 h\u1ee3p cho t\u1ea5t c\u1ea3 c\u00e1c d\u1ecbp g\u1eb7p g\u1ee1 v\u00e0 nh\u1eefng s\u1ef1 ki\u1ec7n \u0111\u1eb7c bi\u1ec7t trong \u0111\u1eddi c\u1ee7a b\u1ea1n. H\u00e3y \u0111\u1ec3 nh\u1eefng kho\u1ea3nh kh\u1eafc tr\u1edf th\u00e0nh k\u1ec9 ni\u1ec7m kh\u00f3 qu\u00ean. Li\u00ean h\u1ec7 \u0111\u1ed9i ng\u0169 \u0111\u1ec3 \u0111\u01b0\u1ee3c [&hellip;]<\/p>\n","protected":false},"author":8,"featured_media":0,"parent":0,"menu_order":0,"comment_status":"closed","ping_status":"closed","template":"template-meeting.php","meta":{"footnotes":""},"yoast_head":"<!-- This site is optimized with the Yoast SEO plugin v22.3 - https:\/\/yoast.com\/wordpress\/plugins\/seo\/ -->\n<title>S\u1ef1 Ki\u1ec7n - Shining Riverside Hoi An Boutique &amp; Spa<\/title>\n<meta name=\"robots\" content=\"index, follow, max-snippet:-1, max-image-preview:large, max-video-preview:-1\" \/>\n<link rel=\"canonical\" href=\"https:\/\/www.shiningriversidehoian.com\/vi\/meetings-events\/\" \/>\n<meta property=\"og:locale\" content=\"vi_VN\" \/>\n<meta property=\"og:type\" content=\"article\" \/>\n<meta property=\"og:title\" content=\"S\u1ef1 Ki\u1ec7n - Shining Riverside Hoi An Boutique &amp; Spa\" \/>\n<meta property=\"og:description\" content=\"H\u00ecnh dung, hi\u1ec7n th\u1ef1c h\u00f3a, v\u00e0 t\u1ea1o \u1ea5n t\u01b0\u1ee3ng. C\u00e1c kh\u00f4ng gian t\u1ed5 ch\u1ee9c s\u1ef1 ki\u1ec7n c\u1ee7a ch\u00fang t\u00f4i ph\u00f9 h\u1ee3p cho t\u1ea5t c\u1ea3 c\u00e1c d\u1ecbp g\u1eb7p g\u1ee1 v\u00e0 nh\u1eefng s\u1ef1 ki\u1ec7n \u0111\u1eb7c bi\u1ec7t trong \u0111\u1eddi c\u1ee7a b\u1ea1n. H\u00e3y \u0111\u1ec3 nh\u1eefng kho\u1ea3nh kh\u1eafc tr\u1edf th\u00e0nh k\u1ec9 ni\u1ec7m kh\u00f3 qu\u00ean. Li\u00ean h\u1ec7 \u0111\u1ed9i ng\u0169 \u0111\u1ec3 \u0111\u01b0\u1ee3c [&hellip;]\" \/>\n<meta property=\"og:url\" content=\"https:\/\/www.shiningriversidehoian.com\/vi\/meetings-events\/\" \/>\n<meta property=\"og:site_name\" content=\"Shining Riverside Hoi An Boutique &amp; Spa\" \/>\n<meta property=\"article:modified_time\" content=\"2026-04-28T04:36:07+00:00\" \/>\n<meta name=\"twitter:card\" content=\"summary_large_image\" \/>\n<meta name=\"twitter:label1\" content=\"Est. reading time\" \/>\n\t<meta name=\"twitter:data1\" content=\"1 minute\" \/>\n<script type=\"application\/ld+json\" class=\"yoast-schema-graph\">{\"@context\":\"https:\/\/schema.org\",\"@graph\":[{\"@type\":\"WebPage\",\"@id\":\"https:\/\/www.shiningriversidehoian.com\/vi\/meetings-events\/\",\"url\":\"https:\/\/www.shiningriversidehoian.com\/vi\/meetings-events\/\",\"name\":\"S\u1ef1 Ki\u1ec7n - Shining Riverside Hoi An Boutique &amp; Spa\",\"isPartOf\":{\"@id\":\"https:\/\/www.shiningriversidehoian.com\/vi\/#website\"},\"datePublished\":\"2025-10-31T05:32:41+00:00\",\"dateModified\":\"2026-04-28T04:36:07+00:00\",\"breadcrumb\":{\"@id\":\"https:\/\/www.shiningriversidehoian.com\/vi\/meetings-events\/#breadcrumb\"},\"inLanguage\":\"vi-VN\",\"potentialAction\":[{\"@type\":\"ReadAction\",\"target\":[\"https:\/\/www.shiningriversidehoian.com\/vi\/meetings-events\/\"]}]},{\"@type\":\"BreadcrumbList\",\"@id\":\"https:\/\/www.shiningriversidehoian.com\/vi\/meetings-events\/#breadcrumb\",\"itemListElement\":[{\"@type\":\"ListItem\",\"position\":1,\"name\":\"Home\",\"item\":\"https:\/\/www.shiningriversidehoian.com\/vi\/\"},{\"@type\":\"ListItem\",\"position\":2,\"name\":\"S\u1ef1 Ki\u1ec7n\"}]},{\"@type\":\"WebSite\",\"@id\":\"https:\/\/www.shiningriversidehoian.com\/vi\/#website\",\"url\":\"https:\/\/www.shiningriversidehoian.com\/vi\/\",\"name\":\"Shining Riverside Hoi An Boutique & Spa\",\"description\":\"\",\"potentialAction\":[{\"@type\":\"SearchAction\",\"target\":{\"@type\":\"EntryPoint\",\"urlTemplate\":\"https:\/\/www.shiningriversidehoian.com\/vi\/?s={search_term_string}\"},\"query-input\":\"required name=search_term_string\"}],\"inLanguage\":\"vi-VN\"}]}<\/script>\n<!-- \/ Yoast SEO plugin. -->","yoast_head_json":{"title":"S\u1ef1 Ki\u1ec7n - Shining Riverside Hoi An Boutique &amp; Spa","robots":{"index":"index","follow":"follow","max-snippet":"max-snippet:-1","max-image-preview":"max-image-preview:large","max-video-preview":"max-video-preview:-1"},"canonical":"https:\/\/www.shiningriversidehoian.com\/vi\/meetings-events\/","og_locale":"vi_VN","og_type":"article","og_title":"S\u1ef1 Ki\u1ec7n - Shining Riverside Hoi An Boutique &amp; Spa","og_description":"H\u00ecnh dung, hi\u1ec7n th\u1ef1c h\u00f3a, v\u00e0 t\u1ea1o \u1ea5n t\u01b0\u1ee3ng. C\u00e1c kh\u00f4ng gian t\u1ed5 ch\u1ee9c s\u1ef1 ki\u1ec7n c\u1ee7a ch\u00fang t\u00f4i ph\u00f9 h\u1ee3p cho t\u1ea5t c\u1ea3 c\u00e1c d\u1ecbp g\u1eb7p g\u1ee1 v\u00e0 nh\u1eefng s\u1ef1 ki\u1ec7n \u0111\u1eb7c bi\u1ec7t trong \u0111\u1eddi c\u1ee7a b\u1ea1n. H\u00e3y \u0111\u1ec3 nh\u1eefng kho\u1ea3nh kh\u1eafc tr\u1edf th\u00e0nh k\u1ec9 ni\u1ec7m kh\u00f3 qu\u00ean. Li\u00ean h\u1ec7 \u0111\u1ed9i ng\u0169 \u0111\u1ec3 \u0111\u01b0\u1ee3c [&hellip;]","og_url":"https:\/\/www.shiningriversidehoian.com\/vi\/meetings-events\/","og_site_name":"Shining Riverside Hoi An Boutique &amp; Spa","article_modified_time":"2026-04-28T04:36:07+00:00","twitter_card":"summary_large_image","twitter_misc":{"Est. reading time":"1 minute"},"schema":{"@context":"https:\/\/schema.org","@graph":[{"@type":"WebPage","@id":"https:\/\/www.shiningriversidehoian.com\/vi\/meetings-events\/","url":"https:\/\/www.shiningriversidehoian.com\/vi\/meetings-events\/","name":"S\u1ef1 Ki\u1ec7n - Shining Riverside Hoi An Boutique &amp; Spa","isPartOf":{"@id":"https:\/\/www.shiningriversidehoian.com\/vi\/#website"},"datePublished":"2025-10-31T05:32:41+00:00","dateModified":"2026-04-28T04:36:07+00:00","breadcrumb":{"@id":"https:\/\/www.shiningriversidehoian.com\/vi\/meetings-events\/#breadcrumb"},"inLanguage":"vi-VN","potentialAction":[{"@type":"ReadAction","target":["https:\/\/www.shiningriversidehoian.com\/vi\/meetings-events\/"]}]},{"@type":"BreadcrumbList","@id":"https:\/\/www.shiningriversidehoian.com\/vi\/meetings-events\/#breadcrumb","itemListElement":[{"@type":"ListItem","position":1,"name":"Home","item":"https:\/\/www.shiningriversidehoian.com\/vi\/"},{"@type":"ListItem","position":2,"name":"S\u1ef1 Ki\u1ec7n"}]},{"@type":"WebSite","@id":"https:\/\/www.shiningriversidehoian.com\/vi\/#website","url":"https:\/\/www.shiningriversidehoian.com\/vi\/","name":"Shining Riverside Hoi An Boutique & Spa","description":"","potentialAction":[{"@type":"SearchAction","target":{"@type":"EntryPoint","urlTemplate":"https:\/\/www.shiningriversidehoian.com\/vi\/?s={search_term_string}"},"query-input":"required name=search_term_string"}],"inLanguage":"vi-VN"}]}},"acf":[],"_links":{"self":[{"href":"https:\/\/www.shiningriversidehoian.com\/vi\/wp-json\/wp\/v2\/pages\/118"}],"collection":[{"href":"https:\/\/www.shiningriversidehoian.com\/vi\/wp-json\/wp\/v2\/pages"}],"about":[{"href":"https:\/\/www.shiningriversidehoian.com\/vi\/wp-json\/wp\/v2\/types\/page"}],"author":[{"embeddable":true,"href":"https:\/\/www.shiningriversidehoian.com\/vi\/wp-json\/wp\/v2\/users\/8"}],"replies":[{"embeddable":true,"href":"https:\/\/www.shiningriversidehoian.com\/vi\/wp-json\/wp\/v2\/comments?post=118"}],"version-history":[{"count":0,"href":"https:\/\/www.shiningriversidehoian.com\/vi\/wp-json\/wp\/v2\/pages\/118\/revisions"}],"wp:attachment":[{"href":"https:\/\/www.shiningriversidehoian.com\/vi\/wp-json\/wp\/v2\/media?parent=118"}],"curies":[{"name":"wp","href":"https:\/\/api.w.org\/{rel}","templated":true}]}}