{"id":119,"date":"2025-10-31T05:36:51","date_gmt":"2025-10-31T05:36:51","guid":{"rendered":"https:\/\/shiningriversidehoian.ms2.decms.asia\/special-offers\/"},"modified":"2026-01-07T07:43:28","modified_gmt":"2026-01-07T07:43:28","slug":"special-offers","status":"publish","type":"page","link":"https:\/\/www.shiningriversidehoian.com\/vi\/special-offers\/","title":{"rendered":"\u01afu \u0110\u00e3i \u0110\u1eb7c Bi\u1ec7t"},"content":{"rendered":"<p style=\"text-align: center\">T\u1eadn h\u01b0\u1edfng gi\u00e2y ph\u00fat \u0111\u00e1ng nh\u1edb v\u1edbi s\u1ef1 tinh t\u1ebf v\u00e0 h\u00e0i l\u00f2ng<\/p>\n","protected":false},"excerpt":{"rendered":"<p>T\u1eadn h\u01b0\u1edfng gi\u00e2y ph\u00fat \u0111\u00e1ng nh\u1edb v\u1edbi s\u1ef1 tinh t\u1ebf v\u00e0 h\u00e0i l\u00f2ng<\/p>\n","protected":false},"author":8,"featured_media":0,"parent":0,"menu_order":0,"comment_status":"closed","ping_status":"closed","template":"template-offers.php","meta":{"footnotes":""},"yoast_head":"<!-- This site is optimized with the Yoast SEO plugin v22.3 - https:\/\/yoast.com\/wordpress\/plugins\/seo\/ -->\n<title>\u01afu \u0110\u00e3i \u0110\u1eb7c Bi\u1ec7t - Shining Riverside Hoi An Boutique &amp; Spa<\/title>\n<meta name=\"robots\" content=\"index, follow, max-snippet:-1, max-image-preview:large, max-video-preview:-1\" \/>\n<link rel=\"canonical\" href=\"https:\/\/www.shiningriversidehoian.com\/vi\/special-offers\/\" \/>\n<meta property=\"og:locale\" content=\"vi_VN\" \/>\n<meta property=\"og:type\" content=\"article\" \/>\n<meta property=\"og:title\" content=\"\u01afu \u0110\u00e3i \u0110\u1eb7c Bi\u1ec7t - Shining Riverside Hoi An Boutique &amp; Spa\" \/>\n<meta property=\"og:description\" content=\"T\u1eadn h\u01b0\u1edfng gi\u00e2y ph\u00fat \u0111\u00e1ng nh\u1edb v\u1edbi s\u1ef1 tinh t\u1ebf v\u00e0 h\u00e0i l\u00f2ng\" \/>\n<meta property=\"og:url\" content=\"https:\/\/www.shiningriversidehoian.com\/vi\/special-offers\/\" \/>\n<meta property=\"og:site_name\" content=\"Shining Riverside Hoi An Boutique &amp; Spa\" \/>\n<meta property=\"article:modified_time\" content=\"2026-01-07T07:43:28+00:00\" \/>\n<meta name=\"twitter:card\" content=\"summary_large_image\" \/>\n<meta name=\"twitter:label1\" content=\"Est. reading time\" \/>\n\t<meta name=\"twitter:data1\" content=\"1 minute\" \/>\n<script type=\"application\/ld+json\" class=\"yoast-schema-graph\">{\"@context\":\"https:\/\/schema.org\",\"@graph\":[{\"@type\":\"WebPage\",\"@id\":\"https:\/\/www.shiningriversidehoian.com\/vi\/special-offers\/\",\"url\":\"https:\/\/www.shiningriversidehoian.com\/vi\/special-offers\/\",\"name\":\"\u01afu \u0110\u00e3i \u0110\u1eb7c Bi\u1ec7t - Shining Riverside Hoi An Boutique &amp; Spa\",\"isPartOf\":{\"@id\":\"https:\/\/www.shiningriversidehoian.com\/vi\/#website\"},\"datePublished\":\"2025-10-31T05:36:51+00:00\",\"dateModified\":\"2026-01-07T07:43:28+00:00\",\"breadcrumb\":{\"@id\":\"https:\/\/www.shiningriversidehoian.com\/vi\/special-offers\/#breadcrumb\"},\"inLanguage\":\"vi-VN\",\"potentialAction\":[{\"@type\":\"ReadAction\",\"target\":[\"https:\/\/www.shiningriversidehoian.com\/vi\/special-offers\/\"]}]},{\"@type\":\"BreadcrumbList\",\"@id\":\"https:\/\/www.shiningriversidehoian.com\/vi\/special-offers\/#breadcrumb\",\"itemListElement\":[{\"@type\":\"ListItem\",\"position\":1,\"name\":\"Home\",\"item\":\"https:\/\/www.shiningriversidehoian.com\/vi\/\"},{\"@type\":\"ListItem\",\"position\":2,\"name\":\"\u01afu \u0110\u00e3i \u0110\u1eb7c Bi\u1ec7t\"}]},{\"@type\":\"WebSite\",\"@id\":\"https:\/\/www.shiningriversidehoian.com\/vi\/#website\",\"url\":\"https:\/\/www.shiningriversidehoian.com\/vi\/\",\"name\":\"Shining Riverside Hoi An Boutique & Spa\",\"description\":\"\",\"potentialAction\":[{\"@type\":\"SearchAction\",\"target\":{\"@type\":\"EntryPoint\",\"urlTemplate\":\"https:\/\/www.shiningriversidehoian.com\/vi\/?s={search_term_string}\"},\"query-input\":\"required name=search_term_string\"}],\"inLanguage\":\"vi-VN\"}]}<\/script>\n<!-- \/ Yoast SEO plugin. -->","yoast_head_json":{"title":"\u01afu \u0110\u00e3i \u0110\u1eb7c Bi\u1ec7t - Shining Riverside Hoi An Boutique &amp; Spa","robots":{"index":"index","follow":"follow","max-snippet":"max-snippet:-1","max-image-preview":"max-image-preview:large","max-video-preview":"max-video-preview:-1"},"canonical":"https:\/\/www.shiningriversidehoian.com\/vi\/special-offers\/","og_locale":"vi_VN","og_type":"article","og_title":"\u01afu \u0110\u00e3i \u0110\u1eb7c Bi\u1ec7t - Shining Riverside Hoi An Boutique &amp; Spa","og_description":"T\u1eadn h\u01b0\u1edfng gi\u00e2y ph\u00fat \u0111\u00e1ng nh\u1edb v\u1edbi s\u1ef1 tinh t\u1ebf v\u00e0 h\u00e0i l\u00f2ng","og_url":"https:\/\/www.shiningriversidehoian.com\/vi\/special-offers\/","og_site_name":"Shining Riverside Hoi An Boutique &amp; Spa","article_modified_time":"2026-01-07T07:43:28+00:00","twitter_card":"summary_large_image","twitter_misc":{"Est. reading time":"1 minute"},"schema":{"@context":"https:\/\/schema.org","@graph":[{"@type":"WebPage","@id":"https:\/\/www.shiningriversidehoian.com\/vi\/special-offers\/","url":"https:\/\/www.shiningriversidehoian.com\/vi\/special-offers\/","name":"\u01afu \u0110\u00e3i \u0110\u1eb7c Bi\u1ec7t - Shining Riverside Hoi An Boutique &amp; Spa","isPartOf":{"@id":"https:\/\/www.shiningriversidehoian.com\/vi\/#website"},"datePublished":"2025-10-31T05:36:51+00:00","dateModified":"2026-01-07T07:43:28+00:00","breadcrumb":{"@id":"https:\/\/www.shiningriversidehoian.com\/vi\/special-offers\/#breadcrumb"},"inLanguage":"vi-VN","potentialAction":[{"@type":"ReadAction","target":["https:\/\/www.shiningriversidehoian.com\/vi\/special-offers\/"]}]},{"@type":"BreadcrumbList","@id":"https:\/\/www.shiningriversidehoian.com\/vi\/special-offers\/#breadcrumb","itemListElement":[{"@type":"ListItem","position":1,"name":"Home","item":"https:\/\/www.shiningriversidehoian.com\/vi\/"},{"@type":"ListItem","position":2,"name":"\u01afu \u0110\u00e3i \u0110\u1eb7c Bi\u1ec7t"}]},{"@type":"WebSite","@id":"https:\/\/www.shiningriversidehoian.com\/vi\/#website","url":"https:\/\/www.shiningriversidehoian.com\/vi\/","name":"Shining Riverside Hoi An Boutique & Spa","description":"","potentialAction":[{"@type":"SearchAction","target":{"@type":"EntryPoint","urlTemplate":"https:\/\/www.shiningriversidehoian.com\/vi\/?s={search_term_string}"},"query-input":"required name=search_term_string"}],"inLanguage":"vi-VN"}]}},"acf":[],"_links":{"self":[{"href":"https:\/\/www.shiningriversidehoian.com\/vi\/wp-json\/wp\/v2\/pages\/119"}],"collection":[{"href":"https:\/\/www.shiningriversidehoian.com\/vi\/wp-json\/wp\/v2\/pages"}],"about":[{"href":"https:\/\/www.shiningriversidehoian.com\/vi\/wp-json\/wp\/v2\/types\/page"}],"author":[{"embeddable":true,"href":"https:\/\/www.shiningriversidehoian.com\/vi\/wp-json\/wp\/v2\/users\/8"}],"replies":[{"embeddable":true,"href":"https:\/\/www.shiningriversidehoian.com\/vi\/wp-json\/wp\/v2\/comments?post=119"}],"version-history":[{"count":0,"href":"https:\/\/www.shiningriversidehoian.com\/vi\/wp-json\/wp\/v2\/pages\/119\/revisions"}],"wp:attachment":[{"href":"https:\/\/www.shiningriversidehoian.com\/vi\/wp-json\/wp\/v2\/media?parent=119"}],"curies":[{"name":"wp","href":"https:\/\/api.w.org\/{rel}","templated":true}]}}