{"id":120,"date":"2025-10-31T05:39:18","date_gmt":"2025-10-31T05:39:18","guid":{"rendered":"https:\/\/shiningriversidehoian.ms2.decms.asia\/special-offers\/room-decor-package\/"},"modified":"2026-01-07T09:53:22","modified_gmt":"2026-01-07T09:53:22","slug":"bucket-beer","status":"publish","type":"page","link":"https:\/\/www.shiningriversidehoian.com\/vi\/special-offers\/bucket-beer\/","title":{"rendered":"G\u00f3i Bucket Beer"},"content":{"rendered":"<p data-start=\"188\" data-end=\"536\">Th\u01b0\u1edfng th\u1ee9c x\u00f4\u00a0bia m\u00e1t l\u1ea1nh v\u1edbi c\u00e1c lo\u1ea1i bia \u0111\u1ecba ph\u01b0\u01a1ng \u0111\u01b0\u1ee3c \u01b0\u1edbp \u0111\u00e1 ho\u00e0n h\u1ea3o, d\u00f9ng k\u00e8m \u0111\u1eadu ph\u1ed9ng rang gi\u00f2n cho nh\u1eefng ph\u00fat gi\u00e2y nh\u00e2m nhi nh\u1eb9 nh\u00e0ng.<br data-start=\"346\" data-end=\"349\" \/>M\u1ed9t l\u1ef1a ch\u1ecdn \u0111\u01a1n gi\u1ea3n nh\u01b0ng \u0111\u1ea7y h\u1ee9ng kh\u1edfi \u0111\u1ec3 th\u01b0 gi\u00e3n b\u00ean h\u1ed3 b\u01a1i, tr\u00f2 chuy\u1ec7n c\u00f9ng b\u1ea1n b\u00e8 hay t\u1eadn h\u01b0\u1edfng kho\u1ea3ng ngh\u1ec9 ch\u1eadm r\u00e3i trong ng\u00e0y.<br data-start=\"484\" data-end=\"487\" \/>M\u00e1t l\u1ea1nh, tho\u1ea3i m\u00e1i v\u00e0 \u0111\u00fang tinh th\u1ea7n ngh\u1ec9 d\u01b0\u1ee1ng.<\/p>\n<p data-start=\"538\" data-end=\"574\"><em data-start=\"538\" data-end=\"574\">Ph\u1ee5c v\u1ee5 h\u1eb1ng ng\u00e0y t\u1eeb 11:00 \u2013 21:00<\/em><\/p>\n","protected":false},"excerpt":{"rendered":"<p>Th\u01b0\u1edfng th\u1ee9c x\u00f4\u00a0bia m\u00e1t l\u1ea1nh v\u1edbi c\u00e1c lo\u1ea1i bia \u0111\u1ecba ph\u01b0\u01a1ng \u0111\u01b0\u1ee3c \u01b0\u1edbp \u0111\u00e1 ho\u00e0n h\u1ea3o, d\u00f9ng k\u00e8m \u0111\u1eadu ph\u1ed9ng rang gi\u00f2n cho nh\u1eefng ph\u00fat gi\u00e2y nh\u00e2m nhi nh\u1eb9 nh\u00e0ng.M\u1ed9t l\u1ef1a ch\u1ecdn \u0111\u01a1n gi\u1ea3n nh\u01b0ng \u0111\u1ea7y h\u1ee9ng kh\u1edfi \u0111\u1ec3 th\u01b0 gi\u00e3n b\u00ean h\u1ed3 b\u01a1i, tr\u00f2 chuy\u1ec7n c\u00f9ng b\u1ea1n b\u00e8 hay t\u1eadn h\u01b0\u1edfng kho\u1ea3ng ngh\u1ec9 ch\u1eadm [&hellip;]<\/p>\n","protected":false},"author":8,"featured_media":239,"parent":119,"menu_order":0,"comment_status":"closed","ping_status":"closed","template":"template-manual-offer.php","meta":{"footnotes":""},"yoast_head":"<!-- This site is optimized with the Yoast SEO plugin v22.3 - https:\/\/yoast.com\/wordpress\/plugins\/seo\/ -->\n<title>G\u00f3i Bucket Beer - Shining Riverside Hoi An Boutique &amp; Spa<\/title>\n<meta name=\"robots\" content=\"index, follow, max-snippet:-1, max-image-preview:large, max-video-preview:-1\" \/>\n<link rel=\"canonical\" href=\"https:\/\/www.shiningriversidehoian.com\/vi\/special-offers\/bucket-beer\/\" \/>\n<meta property=\"og:locale\" content=\"vi_VN\" \/>\n<meta property=\"og:type\" content=\"article\" \/>\n<meta property=\"og:title\" content=\"G\u00f3i Bucket Beer - Shining Riverside Hoi An Boutique &amp; Spa\" \/>\n<meta property=\"og:description\" content=\"Th\u01b0\u1edfng th\u1ee9c x\u00f4\u00a0bia m\u00e1t l\u1ea1nh v\u1edbi c\u00e1c lo\u1ea1i bia \u0111\u1ecba ph\u01b0\u01a1ng \u0111\u01b0\u1ee3c \u01b0\u1edbp \u0111\u00e1 ho\u00e0n h\u1ea3o, d\u00f9ng k\u00e8m \u0111\u1eadu ph\u1ed9ng rang gi\u00f2n cho nh\u1eefng ph\u00fat gi\u00e2y nh\u00e2m nhi nh\u1eb9 nh\u00e0ng.M\u1ed9t l\u1ef1a ch\u1ecdn \u0111\u01a1n gi\u1ea3n nh\u01b0ng \u0111\u1ea7y h\u1ee9ng kh\u1edfi \u0111\u1ec3 th\u01b0 gi\u00e3n b\u00ean h\u1ed3 b\u01a1i, tr\u00f2 chuy\u1ec7n c\u00f9ng b\u1ea1n b\u00e8 hay t\u1eadn h\u01b0\u1edfng kho\u1ea3ng ngh\u1ec9 ch\u1eadm [&hellip;]\" \/>\n<meta property=\"og:url\" content=\"https:\/\/www.shiningriversidehoian.com\/vi\/special-offers\/bucket-beer\/\" \/>\n<meta property=\"og:site_name\" content=\"Shining Riverside Hoi An Boutique &amp; Spa\" \/>\n<meta property=\"article:modified_time\" content=\"2026-01-07T09:53:22+00:00\" \/>\n<meta property=\"og:image\" content=\"https:\/\/www.shiningriversidehoian.com\/wp-content\/uploads\/sites\/126\/2026\/01\/57333ea3-5f98-4899-a2c1-5a780dfa7611.png\" \/>\n\t<meta property=\"og:image:width\" content=\"1536\" \/>\n\t<meta property=\"og:image:height\" content=\"1024\" \/>\n\t<meta property=\"og:image:type\" content=\"image\/png\" \/>\n<meta name=\"twitter:card\" content=\"summary_large_image\" \/>\n<meta name=\"twitter:label1\" content=\"Est. reading time\" \/>\n\t<meta name=\"twitter:data1\" content=\"1 minute\" \/>\n<script type=\"application\/ld+json\" class=\"yoast-schema-graph\">{\"@context\":\"https:\/\/schema.org\",\"@graph\":[{\"@type\":\"WebPage\",\"@id\":\"https:\/\/www.shiningriversidehoian.com\/vi\/special-offers\/bucket-beer\/\",\"url\":\"https:\/\/www.shiningriversidehoian.com\/vi\/special-offers\/bucket-beer\/\",\"name\":\"G\u00f3i Bucket Beer - Shining Riverside Hoi An Boutique &amp; Spa\",\"isPartOf\":{\"@id\":\"https:\/\/www.shiningriversidehoian.com\/vi\/#website\"},\"primaryImageOfPage\":{\"@id\":\"https:\/\/www.shiningriversidehoian.com\/vi\/special-offers\/bucket-beer\/#primaryimage\"},\"image\":{\"@id\":\"https:\/\/www.shiningriversidehoian.com\/vi\/special-offers\/bucket-beer\/#primaryimage\"},\"thumbnailUrl\":\"https:\/\/www.shiningriversidehoian.com\/wp-content\/uploads\/sites\/126\/2026\/01\/57333ea3-5f98-4899-a2c1-5a780dfa7611.png\",\"datePublished\":\"2025-10-31T05:39:18+00:00\",\"dateModified\":\"2026-01-07T09:53:22+00:00\",\"breadcrumb\":{\"@id\":\"https:\/\/www.shiningriversidehoian.com\/vi\/special-offers\/bucket-beer\/#breadcrumb\"},\"inLanguage\":\"vi-VN\",\"potentialAction\":[{\"@type\":\"ReadAction\",\"target\":[\"https:\/\/www.shiningriversidehoian.com\/vi\/special-offers\/bucket-beer\/\"]}]},{\"@type\":\"ImageObject\",\"inLanguage\":\"vi-VN\",\"@id\":\"https:\/\/www.shiningriversidehoian.com\/vi\/special-offers\/bucket-beer\/#primaryimage\",\"url\":\"https:\/\/www.shiningriversidehoian.com\/wp-content\/uploads\/sites\/126\/2026\/01\/57333ea3-5f98-4899-a2c1-5a780dfa7611.png\",\"contentUrl\":\"https:\/\/www.shiningriversidehoian.com\/wp-content\/uploads\/sites\/126\/2026\/01\/57333ea3-5f98-4899-a2c1-5a780dfa7611.png\",\"width\":1536,\"height\":1024},{\"@type\":\"BreadcrumbList\",\"@id\":\"https:\/\/www.shiningriversidehoian.com\/vi\/special-offers\/bucket-beer\/#breadcrumb\",\"itemListElement\":[{\"@type\":\"ListItem\",\"position\":1,\"name\":\"Home\",\"item\":\"https:\/\/www.shiningriversidehoian.com\/vi\/\"},{\"@type\":\"ListItem\",\"position\":2,\"name\":\"\u01afu \u0110\u00e3i \u0110\u1eb7c Bi\u1ec7t\",\"item\":\"https:\/\/www.shiningriversidehoian.com\/vi\/special-offers\/\"},{\"@type\":\"ListItem\",\"position\":3,\"name\":\"G\u00f3i Bucket Beer\"}]},{\"@type\":\"WebSite\",\"@id\":\"https:\/\/www.shiningriversidehoian.com\/vi\/#website\",\"url\":\"https:\/\/www.shiningriversidehoian.com\/vi\/\",\"name\":\"Shining Riverside Hoi An Boutique & Spa\",\"description\":\"\",\"potentialAction\":[{\"@type\":\"SearchAction\",\"target\":{\"@type\":\"EntryPoint\",\"urlTemplate\":\"https:\/\/www.shiningriversidehoian.com\/vi\/?s={search_term_string}\"},\"query-input\":\"required name=search_term_string\"}],\"inLanguage\":\"vi-VN\"}]}<\/script>\n<!-- \/ Yoast SEO plugin. -->","yoast_head_json":{"title":"G\u00f3i Bucket Beer - Shining Riverside Hoi An Boutique &amp; Spa","robots":{"index":"index","follow":"follow","max-snippet":"max-snippet:-1","max-image-preview":"max-image-preview:large","max-video-preview":"max-video-preview:-1"},"canonical":"https:\/\/www.shiningriversidehoian.com\/vi\/special-offers\/bucket-beer\/","og_locale":"vi_VN","og_type":"article","og_title":"G\u00f3i Bucket Beer - Shining Riverside Hoi An Boutique &amp; Spa","og_description":"Th\u01b0\u1edfng th\u1ee9c x\u00f4\u00a0bia m\u00e1t l\u1ea1nh v\u1edbi c\u00e1c lo\u1ea1i bia \u0111\u1ecba ph\u01b0\u01a1ng \u0111\u01b0\u1ee3c \u01b0\u1edbp \u0111\u00e1 ho\u00e0n h\u1ea3o, d\u00f9ng k\u00e8m \u0111\u1eadu ph\u1ed9ng rang gi\u00f2n cho nh\u1eefng ph\u00fat gi\u00e2y nh\u00e2m nhi nh\u1eb9 nh\u00e0ng.M\u1ed9t l\u1ef1a ch\u1ecdn \u0111\u01a1n gi\u1ea3n nh\u01b0ng \u0111\u1ea7y h\u1ee9ng kh\u1edfi \u0111\u1ec3 th\u01b0 gi\u00e3n b\u00ean h\u1ed3 b\u01a1i, tr\u00f2 chuy\u1ec7n c\u00f9ng b\u1ea1n b\u00e8 hay t\u1eadn h\u01b0\u1edfng kho\u1ea3ng ngh\u1ec9 ch\u1eadm [&hellip;]","og_url":"https:\/\/www.shiningriversidehoian.com\/vi\/special-offers\/bucket-beer\/","og_site_name":"Shining Riverside Hoi An Boutique &amp; Spa","article_modified_time":"2026-01-07T09:53:22+00:00","og_image":[{"width":1536,"height":1024,"url":"https:\/\/www.shiningriversidehoian.com\/wp-content\/uploads\/sites\/126\/2026\/01\/57333ea3-5f98-4899-a2c1-5a780dfa7611.png","type":"image\/png"}],"twitter_card":"summary_large_image","twitter_misc":{"Est. reading time":"1 minute"},"schema":{"@context":"https:\/\/schema.org","@graph":[{"@type":"WebPage","@id":"https:\/\/www.shiningriversidehoian.com\/vi\/special-offers\/bucket-beer\/","url":"https:\/\/www.shiningriversidehoian.com\/vi\/special-offers\/bucket-beer\/","name":"G\u00f3i Bucket Beer - Shining Riverside Hoi An Boutique &amp; Spa","isPartOf":{"@id":"https:\/\/www.shiningriversidehoian.com\/vi\/#website"},"primaryImageOfPage":{"@id":"https:\/\/www.shiningriversidehoian.com\/vi\/special-offers\/bucket-beer\/#primaryimage"},"image":{"@id":"https:\/\/www.shiningriversidehoian.com\/vi\/special-offers\/bucket-beer\/#primaryimage"},"thumbnailUrl":"https:\/\/www.shiningriversidehoian.com\/wp-content\/uploads\/sites\/126\/2026\/01\/57333ea3-5f98-4899-a2c1-5a780dfa7611.png","datePublished":"2025-10-31T05:39:18+00:00","dateModified":"2026-01-07T09:53:22+00:00","breadcrumb":{"@id":"https:\/\/www.shiningriversidehoian.com\/vi\/special-offers\/bucket-beer\/#breadcrumb"},"inLanguage":"vi-VN","potentialAction":[{"@type":"ReadAction","target":["https:\/\/www.shiningriversidehoian.com\/vi\/special-offers\/bucket-beer\/"]}]},{"@type":"ImageObject","inLanguage":"vi-VN","@id":"https:\/\/www.shiningriversidehoian.com\/vi\/special-offers\/bucket-beer\/#primaryimage","url":"https:\/\/www.shiningriversidehoian.com\/wp-content\/uploads\/sites\/126\/2026\/01\/57333ea3-5f98-4899-a2c1-5a780dfa7611.png","contentUrl":"https:\/\/www.shiningriversidehoian.com\/wp-content\/uploads\/sites\/126\/2026\/01\/57333ea3-5f98-4899-a2c1-5a780dfa7611.png","width":1536,"height":1024},{"@type":"BreadcrumbList","@id":"https:\/\/www.shiningriversidehoian.com\/vi\/special-offers\/bucket-beer\/#breadcrumb","itemListElement":[{"@type":"ListItem","position":1,"name":"Home","item":"https:\/\/www.shiningriversidehoian.com\/vi\/"},{"@type":"ListItem","position":2,"name":"\u01afu \u0110\u00e3i \u0110\u1eb7c Bi\u1ec7t","item":"https:\/\/www.shiningriversidehoian.com\/vi\/special-offers\/"},{"@type":"ListItem","position":3,"name":"G\u00f3i Bucket Beer"}]},{"@type":"WebSite","@id":"https:\/\/www.shiningriversidehoian.com\/vi\/#website","url":"https:\/\/www.shiningriversidehoian.com\/vi\/","name":"Shining Riverside Hoi An Boutique & Spa","description":"","potentialAction":[{"@type":"SearchAction","target":{"@type":"EntryPoint","urlTemplate":"https:\/\/www.shiningriversidehoian.com\/vi\/?s={search_term_string}"},"query-input":"required name=search_term_string"}],"inLanguage":"vi-VN"}]}},"acf":[],"_links":{"self":[{"href":"https:\/\/www.shiningriversidehoian.com\/vi\/wp-json\/wp\/v2\/pages\/120"}],"collection":[{"href":"https:\/\/www.shiningriversidehoian.com\/vi\/wp-json\/wp\/v2\/pages"}],"about":[{"href":"https:\/\/www.shiningriversidehoian.com\/vi\/wp-json\/wp\/v2\/types\/page"}],"author":[{"embeddable":true,"href":"https:\/\/www.shiningriversidehoian.com\/vi\/wp-json\/wp\/v2\/users\/8"}],"replies":[{"embeddable":true,"href":"https:\/\/www.shiningriversidehoian.com\/vi\/wp-json\/wp\/v2\/comments?post=120"}],"version-history":[{"count":0,"href":"https:\/\/www.shiningriversidehoian.com\/vi\/wp-json\/wp\/v2\/pages\/120\/revisions"}],"up":[{"embeddable":true,"href":"https:\/\/www.shiningriversidehoian.com\/vi\/wp-json\/wp\/v2\/pages\/119"}],"wp:featuredmedia":[{"embeddable":true,"href":"https:\/\/www.shiningriversidehoian.com\/vi\/wp-json\/wp\/v2\/media\/239"}],"wp:attachment":[{"href":"https:\/\/www.shiningriversidehoian.com\/vi\/wp-json\/wp\/v2\/media?parent=120"}],"curies":[{"name":"wp","href":"https:\/\/api.w.org\/{rel}","templated":true}]}}