{"id":125,"date":"2025-10-31T05:47:14","date_gmt":"2025-10-31T05:47:14","guid":{"rendered":"https:\/\/shiningriversidehoian.ms2.decms.asia\/gallery\/"},"modified":"2026-01-07T10:04:33","modified_gmt":"2026-01-07T10:04:33","slug":"gallery","status":"publish","type":"page","link":"https:\/\/www.shiningriversidehoian.com\/vi\/gallery\/","title":{"rendered":"Th\u01b0 Vi\u1ec7n"},"content":{"rendered":"<p>Cu\u1ed1n h\u00fat b\u00ean d\u00f2ng s\u00f4ng xanh m\u01b0\u1edbt, s\u00e1ng ch\u00f3i b\u00ean c\u00e1nh \u0111\u1ed3ng xanh b\u1ea5t t\u1eadn. \u0110\u00e2y l\u00e0 Shining<\/p>\n","protected":false},"excerpt":{"rendered":"<p>Cu\u1ed1n h\u00fat b\u00ean d\u00f2ng s\u00f4ng xanh m\u01b0\u1edbt, s\u00e1ng ch\u00f3i b\u00ean c\u00e1nh \u0111\u1ed3ng xanh b\u1ea5t t\u1eadn. \u0110\u00e2y l\u00e0 Shining<\/p>\n","protected":false},"author":8,"featured_media":0,"parent":0,"menu_order":0,"comment_status":"closed","ping_status":"closed","template":"template-gallery.php","meta":{"footnotes":""},"yoast_head":"<!-- This site is optimized with the Yoast SEO plugin v22.3 - https:\/\/yoast.com\/wordpress\/plugins\/seo\/ -->\n<title>Th\u01b0 Vi\u1ec7n - Shining Riverside Hoi An Boutique &amp; Spa<\/title>\n<meta name=\"robots\" content=\"index, follow, max-snippet:-1, max-image-preview:large, max-video-preview:-1\" \/>\n<link rel=\"canonical\" href=\"https:\/\/www.shiningriversidehoian.com\/vi\/gallery\/\" \/>\n<meta property=\"og:locale\" content=\"vi_VN\" \/>\n<meta property=\"og:type\" content=\"article\" \/>\n<meta property=\"og:title\" content=\"Th\u01b0 Vi\u1ec7n - Shining Riverside Hoi An Boutique &amp; Spa\" \/>\n<meta property=\"og:description\" content=\"Cu\u1ed1n h\u00fat b\u00ean d\u00f2ng s\u00f4ng xanh m\u01b0\u1edbt, s\u00e1ng ch\u00f3i b\u00ean c\u00e1nh \u0111\u1ed3ng xanh b\u1ea5t t\u1eadn. \u0110\u00e2y l\u00e0 Shining\" \/>\n<meta property=\"og:url\" content=\"https:\/\/www.shiningriversidehoian.com\/vi\/gallery\/\" \/>\n<meta property=\"og:site_name\" content=\"Shining Riverside Hoi An Boutique &amp; Spa\" \/>\n<meta property=\"article:modified_time\" content=\"2026-01-07T10:04:33+00:00\" \/>\n<meta name=\"twitter:card\" content=\"summary_large_image\" \/>\n<meta name=\"twitter:label1\" content=\"Est. reading time\" \/>\n\t<meta name=\"twitter:data1\" content=\"1 minute\" \/>\n<script type=\"application\/ld+json\" class=\"yoast-schema-graph\">{\"@context\":\"https:\/\/schema.org\",\"@graph\":[{\"@type\":\"WebPage\",\"@id\":\"https:\/\/www.shiningriversidehoian.com\/vi\/gallery\/\",\"url\":\"https:\/\/www.shiningriversidehoian.com\/vi\/gallery\/\",\"name\":\"Th\u01b0 Vi\u1ec7n - Shining Riverside Hoi An Boutique &amp; Spa\",\"isPartOf\":{\"@id\":\"https:\/\/www.shiningriversidehoian.com\/vi\/#website\"},\"datePublished\":\"2025-10-31T05:47:14+00:00\",\"dateModified\":\"2026-01-07T10:04:33+00:00\",\"breadcrumb\":{\"@id\":\"https:\/\/www.shiningriversidehoian.com\/vi\/gallery\/#breadcrumb\"},\"inLanguage\":\"vi-VN\",\"potentialAction\":[{\"@type\":\"ReadAction\",\"target\":[\"https:\/\/www.shiningriversidehoian.com\/vi\/gallery\/\"]}]},{\"@type\":\"BreadcrumbList\",\"@id\":\"https:\/\/www.shiningriversidehoian.com\/vi\/gallery\/#breadcrumb\",\"itemListElement\":[{\"@type\":\"ListItem\",\"position\":1,\"name\":\"Home\",\"item\":\"https:\/\/www.shiningriversidehoian.com\/vi\/\"},{\"@type\":\"ListItem\",\"position\":2,\"name\":\"Th\u01b0 Vi\u1ec7n\"}]},{\"@type\":\"WebSite\",\"@id\":\"https:\/\/www.shiningriversidehoian.com\/vi\/#website\",\"url\":\"https:\/\/www.shiningriversidehoian.com\/vi\/\",\"name\":\"Shining Riverside Hoi An Boutique & Spa\",\"description\":\"\",\"potentialAction\":[{\"@type\":\"SearchAction\",\"target\":{\"@type\":\"EntryPoint\",\"urlTemplate\":\"https:\/\/www.shiningriversidehoian.com\/vi\/?s={search_term_string}\"},\"query-input\":\"required name=search_term_string\"}],\"inLanguage\":\"vi-VN\"}]}<\/script>\n<!-- \/ Yoast SEO plugin. -->","yoast_head_json":{"title":"Th\u01b0 Vi\u1ec7n - Shining Riverside Hoi An Boutique &amp; Spa","robots":{"index":"index","follow":"follow","max-snippet":"max-snippet:-1","max-image-preview":"max-image-preview:large","max-video-preview":"max-video-preview:-1"},"canonical":"https:\/\/www.shiningriversidehoian.com\/vi\/gallery\/","og_locale":"vi_VN","og_type":"article","og_title":"Th\u01b0 Vi\u1ec7n - Shining Riverside Hoi An Boutique &amp; Spa","og_description":"Cu\u1ed1n h\u00fat b\u00ean d\u00f2ng s\u00f4ng xanh m\u01b0\u1edbt, s\u00e1ng ch\u00f3i b\u00ean c\u00e1nh \u0111\u1ed3ng xanh b\u1ea5t t\u1eadn. \u0110\u00e2y l\u00e0 Shining","og_url":"https:\/\/www.shiningriversidehoian.com\/vi\/gallery\/","og_site_name":"Shining Riverside Hoi An Boutique &amp; Spa","article_modified_time":"2026-01-07T10:04:33+00:00","twitter_card":"summary_large_image","twitter_misc":{"Est. reading time":"1 minute"},"schema":{"@context":"https:\/\/schema.org","@graph":[{"@type":"WebPage","@id":"https:\/\/www.shiningriversidehoian.com\/vi\/gallery\/","url":"https:\/\/www.shiningriversidehoian.com\/vi\/gallery\/","name":"Th\u01b0 Vi\u1ec7n - Shining Riverside Hoi An Boutique &amp; Spa","isPartOf":{"@id":"https:\/\/www.shiningriversidehoian.com\/vi\/#website"},"datePublished":"2025-10-31T05:47:14+00:00","dateModified":"2026-01-07T10:04:33+00:00","breadcrumb":{"@id":"https:\/\/www.shiningriversidehoian.com\/vi\/gallery\/#breadcrumb"},"inLanguage":"vi-VN","potentialAction":[{"@type":"ReadAction","target":["https:\/\/www.shiningriversidehoian.com\/vi\/gallery\/"]}]},{"@type":"BreadcrumbList","@id":"https:\/\/www.shiningriversidehoian.com\/vi\/gallery\/#breadcrumb","itemListElement":[{"@type":"ListItem","position":1,"name":"Home","item":"https:\/\/www.shiningriversidehoian.com\/vi\/"},{"@type":"ListItem","position":2,"name":"Th\u01b0 Vi\u1ec7n"}]},{"@type":"WebSite","@id":"https:\/\/www.shiningriversidehoian.com\/vi\/#website","url":"https:\/\/www.shiningriversidehoian.com\/vi\/","name":"Shining Riverside Hoi An Boutique & Spa","description":"","potentialAction":[{"@type":"SearchAction","target":{"@type":"EntryPoint","urlTemplate":"https:\/\/www.shiningriversidehoian.com\/vi\/?s={search_term_string}"},"query-input":"required name=search_term_string"}],"inLanguage":"vi-VN"}]}},"acf":[],"_links":{"self":[{"href":"https:\/\/www.shiningriversidehoian.com\/vi\/wp-json\/wp\/v2\/pages\/125"}],"collection":[{"href":"https:\/\/www.shiningriversidehoian.com\/vi\/wp-json\/wp\/v2\/pages"}],"about":[{"href":"https:\/\/www.shiningriversidehoian.com\/vi\/wp-json\/wp\/v2\/types\/page"}],"author":[{"embeddable":true,"href":"https:\/\/www.shiningriversidehoian.com\/vi\/wp-json\/wp\/v2\/users\/8"}],"replies":[{"embeddable":true,"href":"https:\/\/www.shiningriversidehoian.com\/vi\/wp-json\/wp\/v2\/comments?post=125"}],"version-history":[{"count":0,"href":"https:\/\/www.shiningriversidehoian.com\/vi\/wp-json\/wp\/v2\/pages\/125\/revisions"}],"wp:attachment":[{"href":"https:\/\/www.shiningriversidehoian.com\/vi\/wp-json\/wp\/v2\/media?parent=125"}],"curies":[{"name":"wp","href":"https:\/\/api.w.org\/{rel}","templated":true}]}}