{"id":128,"date":"2025-10-31T03:54:27","date_gmt":"2025-10-31T03:54:27","guid":{"rendered":"https:\/\/shiningriversidehoian.ms2.decms.asia\/home\/"},"modified":"2025-12-03T02:46:35","modified_gmt":"2025-12-03T02:46:35","slug":"home","status":"publish","type":"page","link":"https:\/\/www.shiningriversidehoian.com\/vi\/","title":{"rendered":"Home"},"content":{"rendered":"<p>Bao quanh b\u1edfi c\u1ea3nh quan xanh m\u00e1t v\u1edbi c\u00e1nh \u0111\u1ed3ng tr\u1ea3i d\u00e0i \u0111\u01b0\u1eddng ch\u00e2n tr\u1eddi, Shining Riverside Hoi An Boutique and Spa g\u1ed3m 81 ph\u00f2ng l\u1ea5y c\u1ea3m h\u1ee9ng t\u1eeb \u0111\u01b0\u1eddng n\u00e9t \u00c1 \u0110\u00f4ng nhi\u1ec7t \u0111\u1edbi c\u1ed5 \u0111i\u1ec3n mang \u0111\u1ebfn h\u00e0nh tr\u00ecnh giao thoa v\u0103n h\u00f3a \u0111\u1eb7c bi\u1ec7t t\u1ea1i H\u1ed9i An c\u1ed5 k\u00ednh. \u0110\u1ed9c \u0111\u00e1o, \u0111\u1eb7c bi\u1ec7t, \u1ea5m \u00e1p, v\u00e0 th\u1ef1c s\u1ef1 th\u00e2n m\u1eadt<\/p>\n","protected":false},"excerpt":{"rendered":"<p>Bao quanh b\u1edfi c\u1ea3nh quan xanh m\u00e1t v\u1edbi c\u00e1nh \u0111\u1ed3ng tr\u1ea3i d\u00e0i \u0111\u01b0\u1eddng ch\u00e2n tr\u1eddi, Shining Riverside Hoi An Boutique and Spa g\u1ed3m 81 ph\u00f2ng l\u1ea5y c\u1ea3m h\u1ee9ng t\u1eeb \u0111\u01b0\u1eddng n\u00e9t \u00c1 \u0110\u00f4ng nhi\u1ec7t \u0111\u1edbi c\u1ed5 \u0111i\u1ec3n mang \u0111\u1ebfn h\u00e0nh tr\u00ecnh giao thoa v\u0103n h\u00f3a \u0111\u1eb7c bi\u1ec7t t\u1ea1i H\u1ed9i An c\u1ed5 k\u00ednh. \u0110\u1ed9c \u0111\u00e1o, \u0111\u1eb7c [&hellip;]<\/p>\n","protected":false},"author":8,"featured_media":0,"parent":0,"menu_order":0,"comment_status":"closed","ping_status":"closed","template":"","meta":{"footnotes":""},"yoast_head":"<!-- This site is optimized with the Yoast SEO plugin v22.3 - https:\/\/yoast.com\/wordpress\/plugins\/seo\/ -->\n<title>Home - Shining Riverside Hoi An Boutique &amp; Spa<\/title>\n<meta name=\"robots\" content=\"index, follow, max-snippet:-1, max-image-preview:large, max-video-preview:-1\" \/>\n<link rel=\"canonical\" href=\"https:\/\/www.shiningriversidehoian.com\/vi\/\" \/>\n<meta property=\"og:locale\" content=\"vi_VN\" \/>\n<meta property=\"og:type\" content=\"article\" \/>\n<meta property=\"og:title\" content=\"Home - Shining Riverside Hoi An Boutique &amp; Spa\" \/>\n<meta property=\"og:description\" content=\"Bao quanh b\u1edfi c\u1ea3nh quan xanh m\u00e1t v\u1edbi c\u00e1nh \u0111\u1ed3ng tr\u1ea3i d\u00e0i \u0111\u01b0\u1eddng ch\u00e2n tr\u1eddi, Shining Riverside Hoi An Boutique and Spa g\u1ed3m 81 ph\u00f2ng l\u1ea5y c\u1ea3m h\u1ee9ng t\u1eeb \u0111\u01b0\u1eddng n\u00e9t \u00c1 \u0110\u00f4ng nhi\u1ec7t \u0111\u1edbi c\u1ed5 \u0111i\u1ec3n mang \u0111\u1ebfn h\u00e0nh tr\u00ecnh giao thoa v\u0103n h\u00f3a \u0111\u1eb7c bi\u1ec7t t\u1ea1i H\u1ed9i An c\u1ed5 k\u00ednh. \u0110\u1ed9c \u0111\u00e1o, \u0111\u1eb7c [&hellip;]\" \/>\n<meta property=\"og:url\" content=\"https:\/\/www.shiningriversidehoian.com\/vi\/\" \/>\n<meta property=\"og:site_name\" content=\"Shining Riverside Hoi An Boutique &amp; Spa\" \/>\n<meta property=\"article:modified_time\" content=\"2025-12-03T02:46:35+00:00\" \/>\n<meta name=\"twitter:card\" content=\"summary_large_image\" \/>\n<meta name=\"twitter:label1\" content=\"Est. reading time\" \/>\n\t<meta name=\"twitter:data1\" content=\"1 minute\" \/>\n<script type=\"application\/ld+json\" class=\"yoast-schema-graph\">{\"@context\":\"https:\/\/schema.org\",\"@graph\":[{\"@type\":\"WebPage\",\"@id\":\"https:\/\/www.shiningriversidehoian.com\/vi\/\",\"url\":\"https:\/\/www.shiningriversidehoian.com\/vi\/\",\"name\":\"Home - Shining Riverside Hoi An Boutique &amp; Spa\",\"isPartOf\":{\"@id\":\"https:\/\/www.shiningriversidehoian.com\/vi\/#website\"},\"datePublished\":\"2025-10-31T03:54:27+00:00\",\"dateModified\":\"2025-12-03T02:46:35+00:00\",\"breadcrumb\":{\"@id\":\"https:\/\/www.shiningriversidehoian.com\/vi\/#breadcrumb\"},\"inLanguage\":\"vi-VN\",\"potentialAction\":[{\"@type\":\"ReadAction\",\"target\":[\"https:\/\/www.shiningriversidehoian.com\/vi\/\"]}]},{\"@type\":\"BreadcrumbList\",\"@id\":\"https:\/\/www.shiningriversidehoian.com\/vi\/#breadcrumb\",\"itemListElement\":[{\"@type\":\"ListItem\",\"position\":1,\"name\":\"Home\",\"item\":\"https:\/\/www.shiningriversidehoian.com\/vi\/\"},{\"@type\":\"ListItem\",\"position\":2,\"name\":\"Home\"}]},{\"@type\":\"WebSite\",\"@id\":\"https:\/\/www.shiningriversidehoian.com\/vi\/#website\",\"url\":\"https:\/\/www.shiningriversidehoian.com\/vi\/\",\"name\":\"Shining Riverside Hoi An Boutique & Spa\",\"description\":\"\",\"potentialAction\":[{\"@type\":\"SearchAction\",\"target\":{\"@type\":\"EntryPoint\",\"urlTemplate\":\"https:\/\/www.shiningriversidehoian.com\/vi\/?s={search_term_string}\"},\"query-input\":\"required name=search_term_string\"}],\"inLanguage\":\"vi-VN\"}]}<\/script>\n<!-- \/ Yoast SEO plugin. -->","yoast_head_json":{"title":"Home - Shining Riverside Hoi An Boutique &amp; Spa","robots":{"index":"index","follow":"follow","max-snippet":"max-snippet:-1","max-image-preview":"max-image-preview:large","max-video-preview":"max-video-preview:-1"},"canonical":"https:\/\/www.shiningriversidehoian.com\/vi\/","og_locale":"vi_VN","og_type":"article","og_title":"Home - Shining Riverside Hoi An Boutique &amp; Spa","og_description":"Bao quanh b\u1edfi c\u1ea3nh quan xanh m\u00e1t v\u1edbi c\u00e1nh \u0111\u1ed3ng tr\u1ea3i d\u00e0i \u0111\u01b0\u1eddng ch\u00e2n tr\u1eddi, Shining Riverside Hoi An Boutique and Spa g\u1ed3m 81 ph\u00f2ng l\u1ea5y c\u1ea3m h\u1ee9ng t\u1eeb \u0111\u01b0\u1eddng n\u00e9t \u00c1 \u0110\u00f4ng nhi\u1ec7t \u0111\u1edbi c\u1ed5 \u0111i\u1ec3n mang \u0111\u1ebfn h\u00e0nh tr\u00ecnh giao thoa v\u0103n h\u00f3a \u0111\u1eb7c bi\u1ec7t t\u1ea1i H\u1ed9i An c\u1ed5 k\u00ednh. \u0110\u1ed9c \u0111\u00e1o, \u0111\u1eb7c [&hellip;]","og_url":"https:\/\/www.shiningriversidehoian.com\/vi\/","og_site_name":"Shining Riverside Hoi An Boutique &amp; Spa","article_modified_time":"2025-12-03T02:46:35+00:00","twitter_card":"summary_large_image","twitter_misc":{"Est. reading time":"1 minute"},"schema":{"@context":"https:\/\/schema.org","@graph":[{"@type":"WebPage","@id":"https:\/\/www.shiningriversidehoian.com\/vi\/","url":"https:\/\/www.shiningriversidehoian.com\/vi\/","name":"Home - Shining Riverside Hoi An Boutique &amp; Spa","isPartOf":{"@id":"https:\/\/www.shiningriversidehoian.com\/vi\/#website"},"datePublished":"2025-10-31T03:54:27+00:00","dateModified":"2025-12-03T02:46:35+00:00","breadcrumb":{"@id":"https:\/\/www.shiningriversidehoian.com\/vi\/#breadcrumb"},"inLanguage":"vi-VN","potentialAction":[{"@type":"ReadAction","target":["https:\/\/www.shiningriversidehoian.com\/vi\/"]}]},{"@type":"BreadcrumbList","@id":"https:\/\/www.shiningriversidehoian.com\/vi\/#breadcrumb","itemListElement":[{"@type":"ListItem","position":1,"name":"Home","item":"https:\/\/www.shiningriversidehoian.com\/vi\/"},{"@type":"ListItem","position":2,"name":"Home"}]},{"@type":"WebSite","@id":"https:\/\/www.shiningriversidehoian.com\/vi\/#website","url":"https:\/\/www.shiningriversidehoian.com\/vi\/","name":"Shining Riverside Hoi An Boutique & Spa","description":"","potentialAction":[{"@type":"SearchAction","target":{"@type":"EntryPoint","urlTemplate":"https:\/\/www.shiningriversidehoian.com\/vi\/?s={search_term_string}"},"query-input":"required name=search_term_string"}],"inLanguage":"vi-VN"}]}},"acf":[],"_links":{"self":[{"href":"https:\/\/www.shiningriversidehoian.com\/vi\/wp-json\/wp\/v2\/pages\/128"}],"collection":[{"href":"https:\/\/www.shiningriversidehoian.com\/vi\/wp-json\/wp\/v2\/pages"}],"about":[{"href":"https:\/\/www.shiningriversidehoian.com\/vi\/wp-json\/wp\/v2\/types\/page"}],"author":[{"embeddable":true,"href":"https:\/\/www.shiningriversidehoian.com\/vi\/wp-json\/wp\/v2\/users\/8"}],"replies":[{"embeddable":true,"href":"https:\/\/www.shiningriversidehoian.com\/vi\/wp-json\/wp\/v2\/comments?post=128"}],"version-history":[{"count":0,"href":"https:\/\/www.shiningriversidehoian.com\/vi\/wp-json\/wp\/v2\/pages\/128\/revisions"}],"wp:attachment":[{"href":"https:\/\/www.shiningriversidehoian.com\/vi\/wp-json\/wp\/v2\/media?parent=128"}],"curies":[{"name":"wp","href":"https:\/\/api.w.org\/{rel}","templated":true}]}}