{"id":253,"date":"2026-04-23T07:12:01","date_gmt":"2026-04-23T07:12:01","guid":{"rendered":"https:\/\/www.shiningriversidehoian.com\/?page_id=253"},"modified":"2026-04-23T07:18:57","modified_gmt":"2026-04-23T07:18:57","slug":"mam-banh-dac-san-hoi-an-149-000-vnd","status":"publish","type":"page","link":"https:\/\/www.shiningriversidehoian.com\/vi\/special-offers\/mam-banh-dac-san-hoi-an-149-000-vnd\/","title":{"rendered":"M\u00c2M B\u00c1NH \u0110\u1eb6C S\u1ea2N H\u1ed8I AN \u2013 149.000 VND"},"content":{"rendered":"<p style=\"text-align: left\">D\u1ecbp l\u1ec5 n\u00e0y, \u0111\u1eebng b\u1ecf l\u1ee1 c\u01a1 h\u1ed9i th\u01b0\u1edfng th\u1ee9c tinh hoa \u1ea9m th\u1ef1c ph\u1ed1 c\u1ed5 ngay t\u1ea1i kh\u00e1ch s\u1ea1n v\u1edbi m\u00e2m b\u00e1nh \u0111\u1eb7c s\u1ea3n \u0111\u01b0\u1ee3c tuy\u1ec3n ch\u1ecdn tinh t\u1ebf.<\/p>\n<p style=\"text-align: left\">Ch\u1ec9 v\u1edbi 149.000 VND, b\u1ea1n s\u1ebd \u0111\u01b0\u1ee3c tr\u1ea3i nghi\u1ec7m:<br \/>\n\u2022 B\u1ed9 s\u01b0u t\u1eadp b\u00e1nh truy\u1ec1n th\u1ed1ng H\u1ed9i An (B\u00e1nh Xo\u00e0i, B\u00e1nh \u0110\u1eadu Xanh M\u1ec1m, B\u00e1nh Da L\u1ee3n, B\u00e1nh \u00cdt)<br \/>\n\u2022 K\u00e8m n\u01b0\u1edbc d\u01b0a h\u1ea5u m\u00e1t l\u1ea1nh \u2013 ho\u00e0n h\u1ea3o cho m\u00f9a h\u00e8<br \/>\n\u2022 H\u01b0\u01a1ng v\u1ecb m\u1ed9c m\u1ea1c, chu\u1ea9n v\u1ecb \u0111\u1ecba ph\u01b0\u01a1ng<br \/>\n\u2022 C\u00e1ch tr\u00ecnh b\u00e0y thanh l\u1ecbch, h\u1ea5p d\u1eabn<\/p>\n<p><img loading=\"lazy\" decoding=\"async\" class=\"alignnone size-medium wp-image-254\" src=\"https:\/\/www.shiningriversidehoian.com\/wp-content\/uploads\/sites\/126\/2026\/04\/30.4-215x300.png\" alt=\"\" width=\"215\" height=\"300\" srcset=\"https:\/\/www.shiningriversidehoian.com\/wp-content\/uploads\/sites\/126\/2026\/04\/30.4-215x300.png 215w, https:\/\/www.shiningriversidehoian.com\/wp-content\/uploads\/sites\/126\/2026\/04\/30.4-735x1024.png 735w, https:\/\/www.shiningriversidehoian.com\/wp-content\/uploads\/sites\/126\/2026\/04\/30.4-768x1070.png 768w, https:\/\/www.shiningriversidehoian.com\/wp-content\/uploads\/sites\/126\/2026\/04\/30.4-1103x1536.png 1103w, https:\/\/www.shiningriversidehoian.com\/wp-content\/uploads\/sites\/126\/2026\/04\/30.4-600x836.png 600w, https:\/\/www.shiningriversidehoian.com\/wp-content\/uploads\/sites\/126\/2026\/04\/30.4-1000x1393.png 1000w, https:\/\/www.shiningriversidehoian.com\/wp-content\/uploads\/sites\/126\/2026\/04\/30.4.png 1470w\" sizes=\"(max-width: 215px) 100vw, 215px\" \/><\/p>\n","protected":false},"excerpt":{"rendered":"<p>D\u1ecbp l\u1ec5 n\u00e0y, \u0111\u1eebng b\u1ecf l\u1ee1 c\u01a1 h\u1ed9i th\u01b0\u1edfng th\u1ee9c tinh hoa \u1ea9m th\u1ef1c ph\u1ed1 c\u1ed5 ngay t\u1ea1i kh\u00e1ch s\u1ea1n v\u1edbi m\u00e2m b\u00e1nh \u0111\u1eb7c s\u1ea3n \u0111\u01b0\u1ee3c tuy\u1ec3n ch\u1ecdn tinh t\u1ebf. Ch\u1ec9 v\u1edbi 149.000 VND, b\u1ea1n s\u1ebd \u0111\u01b0\u1ee3c tr\u1ea3i nghi\u1ec7m: \u2022 B\u1ed9 s\u01b0u t\u1eadp b\u00e1nh truy\u1ec1n th\u1ed1ng H\u1ed9i An (B\u00e1nh Xo\u00e0i, B\u00e1nh \u0110\u1eadu Xanh M\u1ec1m, B\u00e1nh [&hellip;]<\/p>\n","protected":false},"author":247,"featured_media":255,"parent":119,"menu_order":1,"comment_status":"closed","ping_status":"closed","template":"template-manual-offer.php","meta":{"footnotes":""},"yoast_head":"<!-- This site is optimized with the Yoast SEO plugin v22.3 - https:\/\/yoast.com\/wordpress\/plugins\/seo\/ -->\n<title>M\u00c2M B\u00c1NH \u0110\u1eb6C S\u1ea2N H\u1ed8I AN \u2013 149.000 VND - Shining Riverside Hoi An Boutique &amp; Spa<\/title>\n<meta name=\"robots\" content=\"index, follow, max-snippet:-1, max-image-preview:large, max-video-preview:-1\" \/>\n<link rel=\"canonical\" href=\"https:\/\/www.shiningriversidehoian.com\/vi\/special-offers\/mam-banh-dac-san-hoi-an-149-000-vnd\/\" \/>\n<meta property=\"og:locale\" content=\"vi_VN\" \/>\n<meta property=\"og:type\" content=\"article\" \/>\n<meta property=\"og:title\" content=\"M\u00c2M B\u00c1NH \u0110\u1eb6C S\u1ea2N H\u1ed8I AN \u2013 149.000 VND - Shining Riverside Hoi An Boutique &amp; Spa\" \/>\n<meta property=\"og:description\" content=\"D\u1ecbp l\u1ec5 n\u00e0y, \u0111\u1eebng b\u1ecf l\u1ee1 c\u01a1 h\u1ed9i th\u01b0\u1edfng th\u1ee9c tinh hoa \u1ea9m th\u1ef1c ph\u1ed1 c\u1ed5 ngay t\u1ea1i kh\u00e1ch s\u1ea1n v\u1edbi m\u00e2m b\u00e1nh \u0111\u1eb7c s\u1ea3n \u0111\u01b0\u1ee3c tuy\u1ec3n ch\u1ecdn tinh t\u1ebf. Ch\u1ec9 v\u1edbi 149.000 VND, b\u1ea1n s\u1ebd \u0111\u01b0\u1ee3c tr\u1ea3i nghi\u1ec7m: \u2022 B\u1ed9 s\u01b0u t\u1eadp b\u00e1nh truy\u1ec1n th\u1ed1ng H\u1ed9i An (B\u00e1nh Xo\u00e0i, B\u00e1nh \u0110\u1eadu Xanh M\u1ec1m, B\u00e1nh [&hellip;]\" \/>\n<meta property=\"og:url\" content=\"https:\/\/www.shiningriversidehoian.com\/vi\/special-offers\/mam-banh-dac-san-hoi-an-149-000-vnd\/\" \/>\n<meta property=\"og:site_name\" content=\"Shining Riverside Hoi An Boutique &amp; Spa\" \/>\n<meta property=\"article:modified_time\" content=\"2026-04-23T07:18:57+00:00\" \/>\n<meta property=\"og:image\" content=\"https:\/\/www.shiningriversidehoian.com\/wp-content\/uploads\/sites\/126\/2026\/04\/web-1024x889.png\" \/>\n\t<meta property=\"og:image:width\" content=\"1024\" \/>\n\t<meta property=\"og:image:height\" content=\"889\" \/>\n\t<meta property=\"og:image:type\" content=\"image\/png\" \/>\n<meta name=\"twitter:card\" content=\"summary_large_image\" \/>\n<meta name=\"twitter:label1\" content=\"Est. reading time\" \/>\n\t<meta name=\"twitter:data1\" content=\"1 minute\" \/>\n<script type=\"application\/ld+json\" class=\"yoast-schema-graph\">{\"@context\":\"https:\/\/schema.org\",\"@graph\":[{\"@type\":\"WebPage\",\"@id\":\"https:\/\/www.shiningriversidehoian.com\/vi\/special-offers\/mam-banh-dac-san-hoi-an-149-000-vnd\/\",\"url\":\"https:\/\/www.shiningriversidehoian.com\/vi\/special-offers\/mam-banh-dac-san-hoi-an-149-000-vnd\/\",\"name\":\"M\u00c2M B\u00c1NH \u0110\u1eb6C S\u1ea2N H\u1ed8I AN \u2013 149.000 VND - Shining Riverside Hoi An Boutique &amp; Spa\",\"isPartOf\":{\"@id\":\"https:\/\/www.shiningriversidehoian.com\/vi\/#website\"},\"primaryImageOfPage\":{\"@id\":\"https:\/\/www.shiningriversidehoian.com\/vi\/special-offers\/mam-banh-dac-san-hoi-an-149-000-vnd\/#primaryimage\"},\"image\":{\"@id\":\"https:\/\/www.shiningriversidehoian.com\/vi\/special-offers\/mam-banh-dac-san-hoi-an-149-000-vnd\/#primaryimage\"},\"thumbnailUrl\":\"https:\/\/www.shiningriversidehoian.com\/wp-content\/uploads\/sites\/126\/2026\/04\/web.png\",\"datePublished\":\"2026-04-23T07:12:01+00:00\",\"dateModified\":\"2026-04-23T07:18:57+00:00\",\"breadcrumb\":{\"@id\":\"https:\/\/www.shiningriversidehoian.com\/vi\/special-offers\/mam-banh-dac-san-hoi-an-149-000-vnd\/#breadcrumb\"},\"inLanguage\":\"vi-VN\",\"potentialAction\":[{\"@type\":\"ReadAction\",\"target\":[\"https:\/\/www.shiningriversidehoian.com\/vi\/special-offers\/mam-banh-dac-san-hoi-an-149-000-vnd\/\"]}]},{\"@type\":\"ImageObject\",\"inLanguage\":\"vi-VN\",\"@id\":\"https:\/\/www.shiningriversidehoian.com\/vi\/special-offers\/mam-banh-dac-san-hoi-an-149-000-vnd\/#primaryimage\",\"url\":\"https:\/\/www.shiningriversidehoian.com\/wp-content\/uploads\/sites\/126\/2026\/04\/web.png\",\"contentUrl\":\"https:\/\/www.shiningriversidehoian.com\/wp-content\/uploads\/sites\/126\/2026\/04\/web.png\",\"width\":1422,\"height\":1234},{\"@type\":\"BreadcrumbList\",\"@id\":\"https:\/\/www.shiningriversidehoian.com\/vi\/special-offers\/mam-banh-dac-san-hoi-an-149-000-vnd\/#breadcrumb\",\"itemListElement\":[{\"@type\":\"ListItem\",\"position\":1,\"name\":\"Home\",\"item\":\"https:\/\/www.shiningriversidehoian.com\/vi\/\"},{\"@type\":\"ListItem\",\"position\":2,\"name\":\"\u01afu \u0110\u00e3i \u0110\u1eb7c Bi\u1ec7t\",\"item\":\"https:\/\/www.shiningriversidehoian.com\/vi\/special-offers\/\"},{\"@type\":\"ListItem\",\"position\":3,\"name\":\"M\u00c2M B\u00c1NH \u0110\u1eb6C S\u1ea2N H\u1ed8I AN \u2013 149.000 VND\"}]},{\"@type\":\"WebSite\",\"@id\":\"https:\/\/www.shiningriversidehoian.com\/vi\/#website\",\"url\":\"https:\/\/www.shiningriversidehoian.com\/vi\/\",\"name\":\"Shining Riverside Hoi An Boutique & Spa\",\"description\":\"\",\"potentialAction\":[{\"@type\":\"SearchAction\",\"target\":{\"@type\":\"EntryPoint\",\"urlTemplate\":\"https:\/\/www.shiningriversidehoian.com\/vi\/?s={search_term_string}\"},\"query-input\":\"required name=search_term_string\"}],\"inLanguage\":\"vi-VN\"}]}<\/script>\n<!-- \/ Yoast SEO plugin. -->","yoast_head_json":{"title":"M\u00c2M B\u00c1NH \u0110\u1eb6C S\u1ea2N H\u1ed8I AN \u2013 149.000 VND - Shining Riverside Hoi An Boutique &amp; Spa","robots":{"index":"index","follow":"follow","max-snippet":"max-snippet:-1","max-image-preview":"max-image-preview:large","max-video-preview":"max-video-preview:-1"},"canonical":"https:\/\/www.shiningriversidehoian.com\/vi\/special-offers\/mam-banh-dac-san-hoi-an-149-000-vnd\/","og_locale":"vi_VN","og_type":"article","og_title":"M\u00c2M B\u00c1NH \u0110\u1eb6C S\u1ea2N H\u1ed8I AN \u2013 149.000 VND - Shining Riverside Hoi An Boutique &amp; Spa","og_description":"D\u1ecbp l\u1ec5 n\u00e0y, \u0111\u1eebng b\u1ecf l\u1ee1 c\u01a1 h\u1ed9i th\u01b0\u1edfng th\u1ee9c tinh hoa \u1ea9m th\u1ef1c ph\u1ed1 c\u1ed5 ngay t\u1ea1i kh\u00e1ch s\u1ea1n v\u1edbi m\u00e2m b\u00e1nh \u0111\u1eb7c s\u1ea3n \u0111\u01b0\u1ee3c tuy\u1ec3n ch\u1ecdn tinh t\u1ebf. Ch\u1ec9 v\u1edbi 149.000 VND, b\u1ea1n s\u1ebd \u0111\u01b0\u1ee3c tr\u1ea3i nghi\u1ec7m: \u2022 B\u1ed9 s\u01b0u t\u1eadp b\u00e1nh truy\u1ec1n th\u1ed1ng H\u1ed9i An (B\u00e1nh Xo\u00e0i, B\u00e1nh \u0110\u1eadu Xanh M\u1ec1m, B\u00e1nh [&hellip;]","og_url":"https:\/\/www.shiningriversidehoian.com\/vi\/special-offers\/mam-banh-dac-san-hoi-an-149-000-vnd\/","og_site_name":"Shining Riverside Hoi An Boutique &amp; Spa","article_modified_time":"2026-04-23T07:18:57+00:00","og_image":[{"width":1024,"height":889,"url":"https:\/\/www.shiningriversidehoian.com\/wp-content\/uploads\/sites\/126\/2026\/04\/web-1024x889.png","type":"image\/png"}],"twitter_card":"summary_large_image","twitter_misc":{"Est. reading time":"1 minute"},"schema":{"@context":"https:\/\/schema.org","@graph":[{"@type":"WebPage","@id":"https:\/\/www.shiningriversidehoian.com\/vi\/special-offers\/mam-banh-dac-san-hoi-an-149-000-vnd\/","url":"https:\/\/www.shiningriversidehoian.com\/vi\/special-offers\/mam-banh-dac-san-hoi-an-149-000-vnd\/","name":"M\u00c2M B\u00c1NH \u0110\u1eb6C S\u1ea2N H\u1ed8I AN \u2013 149.000 VND - Shining Riverside Hoi An Boutique &amp; Spa","isPartOf":{"@id":"https:\/\/www.shiningriversidehoian.com\/vi\/#website"},"primaryImageOfPage":{"@id":"https:\/\/www.shiningriversidehoian.com\/vi\/special-offers\/mam-banh-dac-san-hoi-an-149-000-vnd\/#primaryimage"},"image":{"@id":"https:\/\/www.shiningriversidehoian.com\/vi\/special-offers\/mam-banh-dac-san-hoi-an-149-000-vnd\/#primaryimage"},"thumbnailUrl":"https:\/\/www.shiningriversidehoian.com\/wp-content\/uploads\/sites\/126\/2026\/04\/web.png","datePublished":"2026-04-23T07:12:01+00:00","dateModified":"2026-04-23T07:18:57+00:00","breadcrumb":{"@id":"https:\/\/www.shiningriversidehoian.com\/vi\/special-offers\/mam-banh-dac-san-hoi-an-149-000-vnd\/#breadcrumb"},"inLanguage":"vi-VN","potentialAction":[{"@type":"ReadAction","target":["https:\/\/www.shiningriversidehoian.com\/vi\/special-offers\/mam-banh-dac-san-hoi-an-149-000-vnd\/"]}]},{"@type":"ImageObject","inLanguage":"vi-VN","@id":"https:\/\/www.shiningriversidehoian.com\/vi\/special-offers\/mam-banh-dac-san-hoi-an-149-000-vnd\/#primaryimage","url":"https:\/\/www.shiningriversidehoian.com\/wp-content\/uploads\/sites\/126\/2026\/04\/web.png","contentUrl":"https:\/\/www.shiningriversidehoian.com\/wp-content\/uploads\/sites\/126\/2026\/04\/web.png","width":1422,"height":1234},{"@type":"BreadcrumbList","@id":"https:\/\/www.shiningriversidehoian.com\/vi\/special-offers\/mam-banh-dac-san-hoi-an-149-000-vnd\/#breadcrumb","itemListElement":[{"@type":"ListItem","position":1,"name":"Home","item":"https:\/\/www.shiningriversidehoian.com\/vi\/"},{"@type":"ListItem","position":2,"name":"\u01afu \u0110\u00e3i \u0110\u1eb7c Bi\u1ec7t","item":"https:\/\/www.shiningriversidehoian.com\/vi\/special-offers\/"},{"@type":"ListItem","position":3,"name":"M\u00c2M B\u00c1NH \u0110\u1eb6C S\u1ea2N H\u1ed8I AN \u2013 149.000 VND"}]},{"@type":"WebSite","@id":"https:\/\/www.shiningriversidehoian.com\/vi\/#website","url":"https:\/\/www.shiningriversidehoian.com\/vi\/","name":"Shining Riverside Hoi An Boutique & Spa","description":"","potentialAction":[{"@type":"SearchAction","target":{"@type":"EntryPoint","urlTemplate":"https:\/\/www.shiningriversidehoian.com\/vi\/?s={search_term_string}"},"query-input":"required name=search_term_string"}],"inLanguage":"vi-VN"}]}},"acf":[],"_links":{"self":[{"href":"https:\/\/www.shiningriversidehoian.com\/vi\/wp-json\/wp\/v2\/pages\/253"}],"collection":[{"href":"https:\/\/www.shiningriversidehoian.com\/vi\/wp-json\/wp\/v2\/pages"}],"about":[{"href":"https:\/\/www.shiningriversidehoian.com\/vi\/wp-json\/wp\/v2\/types\/page"}],"author":[{"embeddable":true,"href":"https:\/\/www.shiningriversidehoian.com\/vi\/wp-json\/wp\/v2\/users\/247"}],"replies":[{"embeddable":true,"href":"https:\/\/www.shiningriversidehoian.com\/vi\/wp-json\/wp\/v2\/comments?post=253"}],"version-history":[{"count":0,"href":"https:\/\/www.shiningriversidehoian.com\/vi\/wp-json\/wp\/v2\/pages\/253\/revisions"}],"up":[{"embeddable":true,"href":"https:\/\/www.shiningriversidehoian.com\/vi\/wp-json\/wp\/v2\/pages\/119"}],"wp:featuredmedia":[{"embeddable":true,"href":"https:\/\/www.shiningriversidehoian.com\/vi\/wp-json\/wp\/v2\/media\/255"}],"wp:attachment":[{"href":"https:\/\/www.shiningriversidehoian.com\/vi\/wp-json\/wp\/v2\/media?parent=253"}],"curies":[{"name":"wp","href":"https:\/\/api.w.org\/{rel}","templated":true}]}}