{"id":268,"date":"2025-12-03T02:52:24","date_gmt":"2025-12-03T02:52:24","guid":{"rendered":"https:\/\/www.shiningriversidehoian.com\/?page_id=268"},"modified":"2026-04-24T09:38:18","modified_gmt":"2026-04-24T09:38:18","slug":"pool-food-combo-chi-tu-109-000-vnd-2","status":"publish","type":"page","link":"https:\/\/www.shiningriversidehoian.com\/vi\/special-offers\/pool-food-combo-chi-tu-109-000-vnd-2\/","title":{"rendered":"POOL &amp; FOOD COMBO"},"content":{"rendered":"<p>Th\u01b0\u1edfng th\u1ee9c m\u00f3n ngon v\u00e0 th\u01b0 gi\u00e3n b\u00ean h\u1ed3 b\u01a1i m\u00e1t m\u1ebb t\u1ea1i Shining Riverside H\u1ed9i An<\/p>\n<p>Combo bao g\u1ed3m:<br data-start=\"101\" data-end=\"104\" \/>\u2022 1 m\u00f3n \u0103n: Pizza \/ Sandwich \/ Spaghetti \/ French Fries<br data-start=\"159\" data-end=\"162\" \/>\u2022 1 th\u1ee9c u\u1ed1ng: Soft drink \/ Beer \/ Water<br data-start=\"202\" data-end=\"205\" \/>\u2022 V\u00e9 s\u1eed d\u1ee5ng h\u1ed3 b\u01a1i<\/p>\n<p>Menu l\u1ef1a ch\u1ecdn:<br data-start=\"246\" data-end=\"249\" \/>\u2022 French Fries \u2013 109.000 VND<br data-start=\"277\" data-end=\"280\" \/>\u2022 Ham &amp; Cheese Sandwich \u2013 169.000 VND<br data-start=\"317\" data-end=\"320\" \/>\u2022 Spaghetti Bolognese \u2013 199.000 VND<br data-start=\"355\" data-end=\"358\" \/>\u2022 Seafoods Pizza \u2013 229.000 VND<\/p>\n<p>T\u1eadn h\u01b0\u1edfng \u1ea9m th\u1ef1c h\u1ea5p d\u1eabn \u2013 th\u01b0 gi\u00e3n b\u00ean h\u1ed3 b\u01a1i \u2013 tr\u1ea3i nghi\u1ec7m m\u1ed9t ng\u00e0y th\u1eadt chill t\u1ea1i Shining!<\/p>\n<p>Vui l\u00f2ng li\u00ean h\u1ec7 hotline <strong>+84 (0) 235 3921 999<\/strong> ho\u1eb7c email <a class=\"decorated-link cursor-pointer\" rel=\"noopener\" data-start=\"84\" data-end=\"114\">info@shiningriversidehoian.com<\/a> \u0111\u1ec3 \u0111\u01b0\u1ee3c t\u01b0 v\u1ea5n v\u00e0 h\u1ed7 tr\u1ee3 \u0111\u1eb7t d\u1ecbch v\u1ee5.<\/p>\n<p>&nbsp;<\/p>\n","protected":false},"excerpt":{"rendered":"<p>Th\u01b0\u1edfng th\u1ee9c m\u00f3n ngon v\u00e0 th\u01b0 gi\u00e3n b\u00ean h\u1ed3 b\u01a1i m\u00e1t m\u1ebb t\u1ea1i Shining Riverside H\u1ed9i An Combo bao g\u1ed3m:\u2022 1 m\u00f3n \u0103n: Pizza \/ Sandwich \/ Spaghetti \/ French Fries\u2022 1 th\u1ee9c u\u1ed1ng: Soft drink \/ Beer \/ Water\u2022 V\u00e9 s\u1eed d\u1ee5ng h\u1ed3 b\u01a1i Menu l\u1ef1a ch\u1ecdn:\u2022 French Fries \u2013 109.000 VND\u2022 Ham &amp; [&hellip;]<\/p>\n","protected":false},"author":247,"featured_media":260,"parent":119,"menu_order":3,"comment_status":"closed","ping_status":"closed","template":"template-manual-offer.php","meta":{"footnotes":""},"yoast_head":"<!-- This site is optimized with the Yoast SEO plugin v22.3 - https:\/\/yoast.com\/wordpress\/plugins\/seo\/ -->\n<title>POOL &amp; FOOD COMBO - Shining Riverside Hoi An Boutique &amp; Spa<\/title>\n<meta name=\"robots\" content=\"index, follow, max-snippet:-1, max-image-preview:large, max-video-preview:-1\" \/>\n<link rel=\"canonical\" href=\"https:\/\/www.shiningriversidehoian.com\/vi\/special-offers\/pool-food-combo-chi-tu-109-000-vnd-2\/\" \/>\n<meta property=\"og:locale\" content=\"vi_VN\" \/>\n<meta property=\"og:type\" content=\"article\" \/>\n<meta property=\"og:title\" content=\"POOL &amp; FOOD COMBO - Shining Riverside Hoi An Boutique &amp; Spa\" \/>\n<meta property=\"og:description\" content=\"Th\u01b0\u1edfng th\u1ee9c m\u00f3n ngon v\u00e0 th\u01b0 gi\u00e3n b\u00ean h\u1ed3 b\u01a1i m\u00e1t m\u1ebb t\u1ea1i Shining Riverside H\u1ed9i An Combo bao g\u1ed3m:\u2022 1 m\u00f3n \u0103n: Pizza \/ Sandwich \/ Spaghetti \/ French Fries\u2022 1 th\u1ee9c u\u1ed1ng: Soft drink \/ Beer \/ Water\u2022 V\u00e9 s\u1eed d\u1ee5ng h\u1ed3 b\u01a1i Menu l\u1ef1a ch\u1ecdn:\u2022 French Fries \u2013 109.000 VND\u2022 Ham &amp; [&hellip;]\" \/>\n<meta property=\"og:url\" content=\"https:\/\/www.shiningriversidehoian.com\/vi\/special-offers\/pool-food-combo-chi-tu-109-000-vnd-2\/\" \/>\n<meta property=\"og:site_name\" content=\"Shining Riverside Hoi An Boutique &amp; Spa\" \/>\n<meta property=\"article:modified_time\" content=\"2026-04-24T09:38:18+00:00\" \/>\n<meta property=\"og:image\" content=\"https:\/\/www.shiningriversidehoian.com\/wp-content\/uploads\/sites\/126\/2026\/04\/POOL-BAR-768x1024.png\" \/>\n\t<meta property=\"og:image:width\" content=\"768\" \/>\n\t<meta property=\"og:image:height\" content=\"1024\" \/>\n\t<meta property=\"og:image:type\" content=\"image\/png\" \/>\n<meta name=\"twitter:card\" content=\"summary_large_image\" \/>\n<meta name=\"twitter:label1\" content=\"Est. reading time\" \/>\n\t<meta name=\"twitter:data1\" content=\"1 minute\" \/>\n<script type=\"application\/ld+json\" class=\"yoast-schema-graph\">{\"@context\":\"https:\/\/schema.org\",\"@graph\":[{\"@type\":\"WebPage\",\"@id\":\"https:\/\/www.shiningriversidehoian.com\/vi\/special-offers\/pool-food-combo-chi-tu-109-000-vnd-2\/\",\"url\":\"https:\/\/www.shiningriversidehoian.com\/vi\/special-offers\/pool-food-combo-chi-tu-109-000-vnd-2\/\",\"name\":\"POOL &amp; FOOD COMBO - Shining Riverside Hoi An Boutique &amp; Spa\",\"isPartOf\":{\"@id\":\"https:\/\/www.shiningriversidehoian.com\/vi\/#website\"},\"primaryImageOfPage\":{\"@id\":\"https:\/\/www.shiningriversidehoian.com\/vi\/special-offers\/pool-food-combo-chi-tu-109-000-vnd-2\/#primaryimage\"},\"image\":{\"@id\":\"https:\/\/www.shiningriversidehoian.com\/vi\/special-offers\/pool-food-combo-chi-tu-109-000-vnd-2\/#primaryimage\"},\"thumbnailUrl\":\"https:\/\/www.shiningriversidehoian.com\/wp-content\/uploads\/sites\/126\/2026\/04\/POOL-BAR.png\",\"datePublished\":\"2025-12-03T02:52:24+00:00\",\"dateModified\":\"2026-04-24T09:38:18+00:00\",\"breadcrumb\":{\"@id\":\"https:\/\/www.shiningriversidehoian.com\/vi\/special-offers\/pool-food-combo-chi-tu-109-000-vnd-2\/#breadcrumb\"},\"inLanguage\":\"vi-VN\",\"potentialAction\":[{\"@type\":\"ReadAction\",\"target\":[\"https:\/\/www.shiningriversidehoian.com\/vi\/special-offers\/pool-food-combo-chi-tu-109-000-vnd-2\/\"]}]},{\"@type\":\"ImageObject\",\"inLanguage\":\"vi-VN\",\"@id\":\"https:\/\/www.shiningriversidehoian.com\/vi\/special-offers\/pool-food-combo-chi-tu-109-000-vnd-2\/#primaryimage\",\"url\":\"https:\/\/www.shiningriversidehoian.com\/wp-content\/uploads\/sites\/126\/2026\/04\/POOL-BAR.png\",\"contentUrl\":\"https:\/\/www.shiningriversidehoian.com\/wp-content\/uploads\/sites\/126\/2026\/04\/POOL-BAR.png\",\"width\":1536,\"height\":2048},{\"@type\":\"BreadcrumbList\",\"@id\":\"https:\/\/www.shiningriversidehoian.com\/vi\/special-offers\/pool-food-combo-chi-tu-109-000-vnd-2\/#breadcrumb\",\"itemListElement\":[{\"@type\":\"ListItem\",\"position\":1,\"name\":\"Home\",\"item\":\"https:\/\/www.shiningriversidehoian.com\/vi\/\"},{\"@type\":\"ListItem\",\"position\":2,\"name\":\"\u01afu \u0110\u00e3i \u0110\u1eb7c Bi\u1ec7t\",\"item\":\"https:\/\/www.shiningriversidehoian.com\/vi\/special-offers\/\"},{\"@type\":\"ListItem\",\"position\":3,\"name\":\"POOL &amp; FOOD COMBO\"}]},{\"@type\":\"WebSite\",\"@id\":\"https:\/\/www.shiningriversidehoian.com\/vi\/#website\",\"url\":\"https:\/\/www.shiningriversidehoian.com\/vi\/\",\"name\":\"Shining Riverside Hoi An Boutique & Spa\",\"description\":\"\",\"potentialAction\":[{\"@type\":\"SearchAction\",\"target\":{\"@type\":\"EntryPoint\",\"urlTemplate\":\"https:\/\/www.shiningriversidehoian.com\/vi\/?s={search_term_string}\"},\"query-input\":\"required name=search_term_string\"}],\"inLanguage\":\"vi-VN\"}]}<\/script>\n<!-- \/ Yoast SEO plugin. -->","yoast_head_json":{"title":"POOL &amp; FOOD COMBO - Shining Riverside Hoi An Boutique &amp; Spa","robots":{"index":"index","follow":"follow","max-snippet":"max-snippet:-1","max-image-preview":"max-image-preview:large","max-video-preview":"max-video-preview:-1"},"canonical":"https:\/\/www.shiningriversidehoian.com\/vi\/special-offers\/pool-food-combo-chi-tu-109-000-vnd-2\/","og_locale":"vi_VN","og_type":"article","og_title":"POOL &amp; FOOD COMBO - Shining Riverside Hoi An Boutique &amp; Spa","og_description":"Th\u01b0\u1edfng th\u1ee9c m\u00f3n ngon v\u00e0 th\u01b0 gi\u00e3n b\u00ean h\u1ed3 b\u01a1i m\u00e1t m\u1ebb t\u1ea1i Shining Riverside H\u1ed9i An Combo bao g\u1ed3m:\u2022 1 m\u00f3n \u0103n: Pizza \/ Sandwich \/ Spaghetti \/ French Fries\u2022 1 th\u1ee9c u\u1ed1ng: Soft drink \/ Beer \/ Water\u2022 V\u00e9 s\u1eed d\u1ee5ng h\u1ed3 b\u01a1i Menu l\u1ef1a ch\u1ecdn:\u2022 French Fries \u2013 109.000 VND\u2022 Ham &amp; [&hellip;]","og_url":"https:\/\/www.shiningriversidehoian.com\/vi\/special-offers\/pool-food-combo-chi-tu-109-000-vnd-2\/","og_site_name":"Shining Riverside Hoi An Boutique &amp; Spa","article_modified_time":"2026-04-24T09:38:18+00:00","og_image":[{"width":768,"height":1024,"url":"https:\/\/www.shiningriversidehoian.com\/wp-content\/uploads\/sites\/126\/2026\/04\/POOL-BAR-768x1024.png","type":"image\/png"}],"twitter_card":"summary_large_image","twitter_misc":{"Est. reading time":"1 minute"},"schema":{"@context":"https:\/\/schema.org","@graph":[{"@type":"WebPage","@id":"https:\/\/www.shiningriversidehoian.com\/vi\/special-offers\/pool-food-combo-chi-tu-109-000-vnd-2\/","url":"https:\/\/www.shiningriversidehoian.com\/vi\/special-offers\/pool-food-combo-chi-tu-109-000-vnd-2\/","name":"POOL &amp; FOOD COMBO - Shining Riverside Hoi An Boutique &amp; Spa","isPartOf":{"@id":"https:\/\/www.shiningriversidehoian.com\/vi\/#website"},"primaryImageOfPage":{"@id":"https:\/\/www.shiningriversidehoian.com\/vi\/special-offers\/pool-food-combo-chi-tu-109-000-vnd-2\/#primaryimage"},"image":{"@id":"https:\/\/www.shiningriversidehoian.com\/vi\/special-offers\/pool-food-combo-chi-tu-109-000-vnd-2\/#primaryimage"},"thumbnailUrl":"https:\/\/www.shiningriversidehoian.com\/wp-content\/uploads\/sites\/126\/2026\/04\/POOL-BAR.png","datePublished":"2025-12-03T02:52:24+00:00","dateModified":"2026-04-24T09:38:18+00:00","breadcrumb":{"@id":"https:\/\/www.shiningriversidehoian.com\/vi\/special-offers\/pool-food-combo-chi-tu-109-000-vnd-2\/#breadcrumb"},"inLanguage":"vi-VN","potentialAction":[{"@type":"ReadAction","target":["https:\/\/www.shiningriversidehoian.com\/vi\/special-offers\/pool-food-combo-chi-tu-109-000-vnd-2\/"]}]},{"@type":"ImageObject","inLanguage":"vi-VN","@id":"https:\/\/www.shiningriversidehoian.com\/vi\/special-offers\/pool-food-combo-chi-tu-109-000-vnd-2\/#primaryimage","url":"https:\/\/www.shiningriversidehoian.com\/wp-content\/uploads\/sites\/126\/2026\/04\/POOL-BAR.png","contentUrl":"https:\/\/www.shiningriversidehoian.com\/wp-content\/uploads\/sites\/126\/2026\/04\/POOL-BAR.png","width":1536,"height":2048},{"@type":"BreadcrumbList","@id":"https:\/\/www.shiningriversidehoian.com\/vi\/special-offers\/pool-food-combo-chi-tu-109-000-vnd-2\/#breadcrumb","itemListElement":[{"@type":"ListItem","position":1,"name":"Home","item":"https:\/\/www.shiningriversidehoian.com\/vi\/"},{"@type":"ListItem","position":2,"name":"\u01afu \u0110\u00e3i \u0110\u1eb7c Bi\u1ec7t","item":"https:\/\/www.shiningriversidehoian.com\/vi\/special-offers\/"},{"@type":"ListItem","position":3,"name":"POOL &amp; FOOD COMBO"}]},{"@type":"WebSite","@id":"https:\/\/www.shiningriversidehoian.com\/vi\/#website","url":"https:\/\/www.shiningriversidehoian.com\/vi\/","name":"Shining Riverside Hoi An Boutique & Spa","description":"","potentialAction":[{"@type":"SearchAction","target":{"@type":"EntryPoint","urlTemplate":"https:\/\/www.shiningriversidehoian.com\/vi\/?s={search_term_string}"},"query-input":"required name=search_term_string"}],"inLanguage":"vi-VN"}]}},"acf":[],"_links":{"self":[{"href":"https:\/\/www.shiningriversidehoian.com\/vi\/wp-json\/wp\/v2\/pages\/268"}],"collection":[{"href":"https:\/\/www.shiningriversidehoian.com\/vi\/wp-json\/wp\/v2\/pages"}],"about":[{"href":"https:\/\/www.shiningriversidehoian.com\/vi\/wp-json\/wp\/v2\/types\/page"}],"author":[{"embeddable":true,"href":"https:\/\/www.shiningriversidehoian.com\/vi\/wp-json\/wp\/v2\/users\/247"}],"replies":[{"embeddable":true,"href":"https:\/\/www.shiningriversidehoian.com\/vi\/wp-json\/wp\/v2\/comments?post=268"}],"version-history":[{"count":0,"href":"https:\/\/www.shiningriversidehoian.com\/vi\/wp-json\/wp\/v2\/pages\/268\/revisions"}],"up":[{"embeddable":true,"href":"https:\/\/www.shiningriversidehoian.com\/vi\/wp-json\/wp\/v2\/pages\/119"}],"wp:featuredmedia":[{"embeddable":true,"href":"https:\/\/www.shiningriversidehoian.com\/vi\/wp-json\/wp\/v2\/media\/260"}],"wp:attachment":[{"href":"https:\/\/www.shiningriversidehoian.com\/vi\/wp-json\/wp\/v2\/media?parent=268"}],"curies":[{"name":"wp","href":"https:\/\/api.w.org\/{rel}","templated":true}]}}